{"id":1026,"date":"2025-09-11T07:55:23","date_gmt":"2025-09-11T07:55:23","guid":{"rendered":"https:\/\/biddenvoordeburen.nl\/?page_id=1026"},"modified":"2025-09-11T07:58:57","modified_gmt":"2025-09-11T07:58:57","slug":"gebedswandelen-instructie","status":"publish","type":"page","link":"https:\/\/biddenvoordeburen.nl\/es\/gebedswandelen-instructie\/","title":{"rendered":"Caminatas de oraci\u00f3n (instrucci\u00f3n)"},"content":{"rendered":"<p><\/p>\n\n\n\n<p>En la Biblia, leemos c\u00f3mo Jes\u00fas iba regularmente de excursi\u00f3n o sub\u00eda a una monta\u00f1a para rezar. Nosotros tambi\u00e9n podemos rezar por y en la zona donde queremos ver m\u00e1s del Reino de Dios. Caminar por tu barrio, ciudad o pueblo en oraci\u00f3n puede dar a tus oraciones una inspiraci\u00f3n y direcci\u00f3n adicionales. Adem\u00e1s, el aire fresco y un poco de ejercicio te mantienen alerta.<\/p>\n\n\n\n<h3 class=\"wp-block-heading\">Algunos consejos para empezar<\/h3>\n\n\n\n<p>Forma un grupo de dos personas con las que caminar\u00e1s.<\/p>\n\n\n\n<p>Antes de caminar: reza y pide al Esp\u00edritu Santo que te gu\u00ede.<\/p>\n\n\n\n<p>Detente y enfoca de vez en cuando en determinados puntos: \u00bfQu\u00e9 ves? \u00bfQu\u00e9 experimentas? \u00bfPor qu\u00e9 puedes rezar? Esto ayuda a profundizar un poco m\u00e1s en un tema concreto.<\/p>\n\n\n\n<p>\u00bfNo sabe qu\u00e9 decir? Entonces piensa en lo que deseas para los habitantes de las casas por las que pasas. Pide a Dios que les bendiga con ello.<\/p>\n\n\n\n<p>Tal vez haya ciertos vers\u00edculos b\u00edblicos en los que pensar y que quieras rezar por tu barrio. Repetir frases cortas mientras caminas tambi\u00e9n puede estar bien, como: Se\u00f1or, ten piedad', partes del Padrenuestro como 'Venga a nosotros tu reino' o, por ejemplo, 'Env\u00eda tu luz y tu verdad' (Salmo 43).<\/p>\n\n\n\n<p>Reza breve y concisamente. Reza positivamente: A FAVOR de las cosas, no EN CONTRA. Intenta rezar bendiciones.<\/p>\n\n\n\n<p>S\u00e9 amable y sonr\u00ede a la gente que encuentres por el camino. Recuerda que Dios act\u00faa en cada persona que ves. Si surge una conversaci\u00f3n, no dudes en explicarles lo que est\u00e1s haciendo y ofrecerte a rezar por ellos.<\/p>\n\n\n\n<p>Reza con los ojos abiertos: las cosas que ves inspiran tu oraci\u00f3n. Y ayuda no tropezar con personas o edificios. \u00bfPrefieres no hacerlo? Entonces puedes detenerte un momento mientras rezas una oraci\u00f3n.<\/p>\n\n\n\n<p>Adem\u00e1s, suelen hablar en voz alta, como si estuvieran conversando mientras caminan juntos por la calle. \u00bfTe sientes demasiado inc\u00f3modo con esto? Entonces ponte de acuerdo con tu compa\u00f1ero de oraci\u00f3n para rezar en silencio mientras camin\u00e1is.&nbsp;<\/p>\n\n\n\n<p>Es una aventura: s\u00e9 flexible y d\u00e9jate guiar por el Esp\u00edritu Santo.<\/p>\n\n\n\n<p>Adora a Dios: en silencio o en voz alta. Esto te ayudar\u00e1 a centrarte en \u00c9l.<\/p>\n\n\n\n<p>Ac\u00e9rquense en oraci\u00f3n y compartan sus experiencias.<\/p>\n\n\n\n<p><\/p>\n\n\n\n<h3 class=\"wp-block-heading\">Sigue rezando<\/h3>\n\n\n\n<p>Despu\u00e9s de tu paseo de oraci\u00f3n, sigue rezando especialmente por tu barrio, ciudad o pueblo. Quiz\u00e1 puedas anotar en tu agenda alg\u00fan paseo de oraci\u00f3n en los pr\u00f3ximos meses.<\/p>\n\n\n\n<p>Mientras sigues rezando, pide a Dios que siga bendiciendo tu barrio, pueblo o ciudad: que venga Su reino y se haga Su voluntad. Si tienes la sensaci\u00f3n de que Dios te est\u00e1 planteando necesidades o retos espec\u00edficos, piensa en lo que \u00c9l est\u00e1 haciendo al respecto. \u00bfC\u00f3mo pod\u00e9is t\u00fa y tu iglesia ser parte pr\u00e1ctica de la soluci\u00f3n de Dios, y c\u00f3mo puedes seguir rezando por ello?<\/p>\n\n\n\n<p><\/p>\n\n\n\n<h4 class=\"wp-block-heading\"><strong>Fuentes<\/strong><\/h4>\n\n\n\n<p><strong><a href=\"https:\/\/24-7prayer.nl\/materiaal\/gebedswandeling\/\" target=\"_blank\" rel=\"noopener\">24-7prayer.co.uk\/material\/prayerwalk\/<\/a><\/strong><\/p>\n\n\n\n<p><strong><a href=\"https:\/\/www.biddeniseenweg.nl\/\" target=\"_blank\" rel=\"noreferrer noopener\">www.biddeniseenweg.nl<\/a><br><\/strong><br><a href=\"https:\/\/www.weekvangebed.nl\/meedoen\/organiseren\/activiteiten\/gebedswandeling\" target=\"_blank\" rel=\"noopener\"><strong>www.weekvangebed.nl\/meedoen\/organiseren\/activiteiten\/gebedswandeling<\/strong><\/a><\/p>\n\n\n\n<div style=\"height:100px\" aria-hidden=\"true\" class=\"wp-block-spacer\"><\/div>","protected":false},"excerpt":{"rendered":"<p>Una instrucci\u00f3n de ayuda para dar forma al prayerwalking.<\/p>","protected":false},"author":1,"featured_media":1027,"parent":0,"menu_order":0,"comment_status":"closed","ping_status":"closed","template":"","meta":{"_surecart_dashboard_logo_width":"180px","_surecart_dashboard_show_logo":true,"_surecart_dashboard_navigation_orders":true,"_surecart_dashboard_navigation_invoices":true,"_surecart_dashboard_navigation_subscriptions":true,"_surecart_dashboard_navigation_downloads":true,"_surecart_dashboard_navigation_billing":true,"_surecart_dashboard_navigation_account":true,"footnotes":""},"class_list":["post-1026","page","type-page","status-publish","has-post-thumbnail","hentry"],"blocksy_meta":[],"_links":{"self":[{"href":"https:\/\/biddenvoordeburen.nl\/es\/wp-json\/wp\/v2\/pages\/1026","targetHints":{"allow":["GET"]}}],"collection":[{"href":"https:\/\/biddenvoordeburen.nl\/es\/wp-json\/wp\/v2\/pages"}],"about":[{"href":"https:\/\/biddenvoordeburen.nl\/es\/wp-json\/wp\/v2\/types\/page"}],"author":[{"embeddable":true,"href":"https:\/\/biddenvoordeburen.nl\/es\/wp-json\/wp\/v2\/users\/1"}],"replies":[{"embeddable":true,"href":"https:\/\/biddenvoordeburen.nl\/es\/wp-json\/wp\/v2\/comments?post=1026"}],"version-history":[{"count":3,"href":"https:\/\/biddenvoordeburen.nl\/es\/wp-json\/wp\/v2\/pages\/1026\/revisions"}],"predecessor-version":[{"id":1032,"href":"https:\/\/biddenvoordeburen.nl\/es\/wp-json\/wp\/v2\/pages\/1026\/revisions\/1032"}],"wp:featuredmedia":[{"embeddable":true,"href":"https:\/\/biddenvoordeburen.nl\/es\/wp-json\/wp\/v2\/media\/1027"}],"wp:attachment":[{"href":"https:\/\/biddenvoordeburen.nl\/es\/wp-json\/wp\/v2\/media?parent=1026"}],"curies":[{"name":"wp","href":"https:\/\/api.w.org\/{rel}","templated":true}]}}