{"id":1033,"date":"2025-09-11T08:15:17","date_gmt":"2025-09-11T08:15:17","guid":{"rendered":"https:\/\/biddenvoordeburen.nl\/?page_id=1033"},"modified":"2025-09-16T17:35:16","modified_gmt":"2025-09-16T17:35:16","slug":"bidden-voor-de-buren-met-kinderen","status":"publish","type":"page","link":"https:\/\/biddenvoordeburen.nl\/es\/bidden-voor-de-buren-met-kinderen\/","title":{"rendered":"Rezar por los vecinos con ni\u00f1os"},"content":{"rendered":"\n<p><strong>Hoe kun je samen met kinderen bidden voor de buren? Hieronder vind je vijf gebedsactiviteiten als aanvulling op het gebedsboekje. De activiteiten zijn te gebruiken voor thuis, in de kerk of op (zondags-)school. Met \u00e9\u00e9n kind of in een groep.<\/strong><\/p>\n\n\n\n<div class=\"wp-block-buttons is-layout-flex wp-block-buttons-is-layout-flex\">\n<div class=\"wp-block-button\"><a class=\"wp-block-button__link wp-element-button\" href=\"https:\/\/biddenvoordeburen.nl\/wp-content\/uploads\/2025\/09\/Bidden-voor-de-Buren-Kids.docx\" target=\"_blank\" rel=\"noreferrer noopener\">Downloaden als document<\/a><\/div>\n<\/div>\n\n\n\n<h3 class=\"wp-block-heading has-palette-color-1-color has-text-color has-link-color wp-elements-791865e2910214bcfd545ba16630370d\">De buurt in bloei<\/h3>\n\n\n\n<figure class=\"wp-block-image size-full is-resized\"><img fetchpriority=\"high\" decoding=\"async\" width=\"496\" height=\"252\" src=\"https:\/\/biddenvoordeburen.nl\/wp-content\/uploads\/2025\/09\/Scherm\u00adafbeelding-2025-09-11-om-10.04.11.png\" alt=\"\" class=\"wp-image-1034\" style=\"width:120px\" srcset=\"https:\/\/biddenvoordeburen.nl\/wp-content\/uploads\/2025\/09\/Scherm\u00adafbeelding-2025-09-11-om-10.04.11.png 496w, https:\/\/biddenvoordeburen.nl\/wp-content\/uploads\/2025\/09\/Scherm\u00adafbeelding-2025-09-11-om-10.04.11-300x152.png 300w, https:\/\/biddenvoordeburen.nl\/wp-content\/uploads\/2025\/09\/Scherm\u00adafbeelding-2025-09-11-om-10.04.11-18x9.png 18w\" sizes=\"(max-width: 496px) 100vw, 496px\" \/><\/figure>\n\n\n\n<p><em>Benodigdheden: <\/em>Wit papier OF een zwart\/wit plattegrond van je stad of wijk, potloden, stiften, pennen.<\/p>\n\n\n\n<p><em>Leeftijd: <\/em>Vanaf groep 4<\/p>\n\n\n\n<p><strong>Instructie<br><\/strong>In de bijbel staat: <em>\u201cBid tot de Heer voor de stad [\u2026] en zet je in voor haar bloei, want de bloei van de stad is ook jullie bloei.\u201d <\/em>(Jeremia 29:7)<\/p>\n\n\n\n<p>In de winter is er van veel planten weinig te zien. Veel tuinen zien er kaal uit en er staat weinig in bloei. In de lente beginnen ze te groeien en er komen steeds meer bloemen en kleuren. Als bloemen in bloei staan dan kunnen we genieten van de prachtige kleuren en geuren.<br>In deze tekst in de bijbel staat de oproep om te bidden voor de \u201cbloei van de stad\u201d. Wat denk je dat hiermee wordt bedoeld?<br>Als jouw straat of buurt in bloei komt te staan, hoe zou dat eruit zien? Hoe zouden mensen zich voelen en zich gedragen? Welke sfeer zou er zijn?<\/p>\n\n\n\n<p>Maak een tekening van jouw straat of buurt die helemaal in bloei staat.<br>Als je wil kun je een gebed erbij zetten of uitspreken voor jouw buurt. &nbsp;<\/p>\n\n\n\n<p><\/p>\n\n\n\n<figure class=\"wp-block-image size-full\"><img decoding=\"async\" width=\"230\" height=\"344\" src=\"https:\/\/biddenvoordeburen.nl\/wp-content\/uploads\/2025\/09\/image.png\" alt=\"\" class=\"wp-image-1035\" srcset=\"https:\/\/biddenvoordeburen.nl\/wp-content\/uploads\/2025\/09\/image.png 230w, https:\/\/biddenvoordeburen.nl\/wp-content\/uploads\/2025\/09\/image-201x300.png 201w, https:\/\/biddenvoordeburen.nl\/wp-content\/uploads\/2025\/09\/image-8x12.png 8w\" sizes=\"(max-width: 230px) 100vw, 230px\" \/><\/figure>\n\n\n\n<p><\/p>\n\n\n\n<h3 class=\"wp-block-heading has-palette-color-4-color has-text-color has-link-color wp-elements-bf317c7086186bb48fd5f07e8c8f0ec2\">Wie is mijn naaste?<\/h3>\n\n\n\n<figure class=\"wp-block-image size-full is-resized\"><img decoding=\"async\" width=\"294\" height=\"270\" src=\"https:\/\/biddenvoordeburen.nl\/wp-content\/uploads\/2025\/09\/Scherm\u00adafbeelding-2025-09-11-om-10.06.46.png\" alt=\"\" class=\"wp-image-1036\" style=\"width:120px\" srcset=\"https:\/\/biddenvoordeburen.nl\/wp-content\/uploads\/2025\/09\/Scherm\u00adafbeelding-2025-09-11-om-10.06.46.png 294w, https:\/\/biddenvoordeburen.nl\/wp-content\/uploads\/2025\/09\/Scherm\u00adafbeelding-2025-09-11-om-10.06.46-13x12.png 13w\" sizes=\"(max-width: 294px) 100vw, 294px\" \/><\/figure>\n\n\n\n<p><em>Leeftijd:<\/em> Vanaf groep 3.<\/p>\n\n\n\n<p><em>Benodigdheden:<\/em> Stukken papier in de vorm van een hart in verschillende kleuren, OF post-its in de vorm van een hart, een muur of tafel om de harten op te plakken, pennen.<\/p>\n\n\n\n<p><strong>Instructie<\/strong><br>In de Bijbel zegt Jezus dat<em> iedereen<\/em> mijn naaste is, niet alleen de mensen bij mij in huis, kinderen in de klas of in de kerk. De mensen die naast mij wonen of bij me in de buurt. De buurkinderen die ik misschien wel of niet ken, of misschien niet zo aardig vindt, zijn ook mijn naasten. Jezus zegt dat we alle naasten lief moeten hebben zoals we onszelf liefhebben.<\/p>\n\n\n\n<p>Denk aan iemand in je straat of buurt. Als je wilt, schrijf of teken dan een vriendelijke gedachte of een gebed voor diegene op een hart en plak dat bij de anderen. &nbsp;<\/p>\n\n\n\n<p><\/p>\n\n\n\n<h3 class=\"wp-block-heading has-palette-color-9-color has-text-color has-link-color wp-elements-1d3142688ecf74ee5840acc616d52b98\">Verzoeningsritsen<\/h3>\n\n\n\n<figure class=\"wp-block-image size-full is-resized\"><img loading=\"lazy\" decoding=\"async\" width=\"296\" height=\"358\" src=\"https:\/\/biddenvoordeburen.nl\/wp-content\/uploads\/2025\/09\/Scherm\u00adafbeelding-2025-09-11-om-10.08.44.png\" alt=\"\" class=\"wp-image-1037\" style=\"width:88px\" srcset=\"https:\/\/biddenvoordeburen.nl\/wp-content\/uploads\/2025\/09\/Scherm\u00adafbeelding-2025-09-11-om-10.08.44.png 296w, https:\/\/biddenvoordeburen.nl\/wp-content\/uploads\/2025\/09\/Scherm\u00adafbeelding-2025-09-11-om-10.08.44-248x300.png 248w, https:\/\/biddenvoordeburen.nl\/wp-content\/uploads\/2025\/09\/Scherm\u00adafbeelding-2025-09-11-om-10.08.44-10x12.png 10w\" sizes=\"(max-width: 296px) 100vw, 296px\" \/><\/figure>\n\n\n\n<p><em>Benodigdheden:<\/em> Losse ritsen OF een kledingstuk zoals een vest met een rits. Maak de rits los.<\/p>\n\n\n\n<p><em>Leeftijd: <\/em>Basisschool.<\/p>\n\n\n\n<p><strong>Instructie<\/strong><br>Hebben jij, kinderen of mensen in de buurt de laatste tijd ruzie of ruzie gehad? Als mensen ruzie of ruzie maken, raken ze van elkaar gescheiden. Verzoening betekent twee partijen bij elkaar brengen. Een beetje zoals een rits. Denk aan de mensen die je weer bij elkaar wilt brengen. Spreek een stil gebed uit voor de mensen aan wie je denkt terwijl je de rits dichtdoet. Dit is een verzoeningsgebed.<\/p>\n\n\n\n<p><\/p>\n\n\n\n<h3 class=\"wp-block-heading has-palette-color-3-color has-text-color has-link-color wp-elements-413f798acedb2d6fbccf9c9aa1092b85\">Olie<\/h3>\n\n\n\n<figure class=\"wp-block-image size-full is-resized\"><img loading=\"lazy\" decoding=\"async\" width=\"298\" height=\"318\" src=\"https:\/\/biddenvoordeburen.nl\/wp-content\/uploads\/2025\/09\/Scherm\u00adafbeelding-2025-09-11-om-10.10.04.png\" alt=\"\" class=\"wp-image-1038\" style=\"width:88px\" srcset=\"https:\/\/biddenvoordeburen.nl\/wp-content\/uploads\/2025\/09\/Scherm\u00adafbeelding-2025-09-11-om-10.10.04.png 298w, https:\/\/biddenvoordeburen.nl\/wp-content\/uploads\/2025\/09\/Scherm\u00adafbeelding-2025-09-11-om-10.10.04-281x300.png 281w, https:\/\/biddenvoordeburen.nl\/wp-content\/uploads\/2025\/09\/Scherm\u00adafbeelding-2025-09-11-om-10.10.04-11x12.png 11w\" sizes=\"(max-width: 298px) 100vw, 298px\" \/><\/figure>\n\n\n\n<p><em>Leeftijd: <\/em>Basisschool<\/p>\n\n\n\n<p><em>Benodigdheden:<\/em> een flesje etherische olie dat lekker ruikt met een natuurlijke geur, bijvoorbeeld kaneel, lavendel.<\/p>\n\n\n\n<p><em>\u201cWij zijn voor God een aangename geur van Christus.\u201d (2 Korinthe 2:15)<\/em><br><br><strong>Instructie<\/strong><br>Draai het dopje voorzichtig van het flesje en ruik een aan de olie. Vind je het lekker ruiken? Waar ruikt het naar?<\/p>\n\n\n\n<p>God heeft de natuur als cadeau aan ons gegeven. Wij mogen er voor zorgen. Van sommige bomen en planten kunnen we bijvoorbeeld de vruchten eten. Olie wordt ook van bomen en planten gemaakt.<\/p>\n\n\n\n<p>De geur van olie is heel bijzonder. In de bijbel staat iets moois over geur in 2 Korinthe 2:15, zoek maar eens op. Daar staat dat het belangrijk is dat we een \u201caangename geur van Christus\u201d verspreiden. Weet je wat dat betekent?<br>Dat jij een stukje van God kan laten zien op de plek waar jij bent. Als jij luistert naar de Heilige Geest, dan spreek je opbouwende woorden, dan vinden anderen het fijn om bij jou in de buurt te zijn, dan kennen ze jou als iemand die vriendelijk is. Zo verspreid je de geur van Christus door wie je bent en wat je doet. Vraag God of Hij je wil helpen om Zijn geur aan andere mensen te laten ruiken.<\/p>\n\n\n\n<p><\/p>\n\n\n\n<h3 class=\"wp-block-heading\">Zegenstokjes<\/h3>\n\n\n\n<figure class=\"wp-block-image size-full is-resized\"><img loading=\"lazy\" decoding=\"async\" width=\"198\" height=\"334\" src=\"https:\/\/biddenvoordeburen.nl\/wp-content\/uploads\/2025\/09\/Scherm\u00adafbeelding-2025-09-11-om-10.11.15.png\" alt=\"\" class=\"wp-image-1039\" style=\"width:56px\" srcset=\"https:\/\/biddenvoordeburen.nl\/wp-content\/uploads\/2025\/09\/Scherm\u00adafbeelding-2025-09-11-om-10.11.15.png 198w, https:\/\/biddenvoordeburen.nl\/wp-content\/uploads\/2025\/09\/Scherm\u00adafbeelding-2025-09-11-om-10.11.15-178x300.png 178w, https:\/\/biddenvoordeburen.nl\/wp-content\/uploads\/2025\/09\/Scherm\u00adafbeelding-2025-09-11-om-10.11.15-7x12.png 7w\" sizes=\"(max-width: 198px) 100vw, 198px\" \/><\/figure>\n\n\n\n<p><em>Benodigdheden:<\/em> Houten ijsstokjes.<\/p>\n\n\n\n<p><em>\u201cDe Heer zei tegen Mozes: \u201cZeg tegen A\u00e4ron en zijn zonen: zo moeten jullie de Isra\u00eblieten zegenen: Ik wens jullie toe dat de Heer met jullie zal zijn en jullie zal beschermen. Dat Hij goed voor jullie zal zijn en voor jullie zal zorgen. Dat Hij over jullie zal weken en jullie vrede zal geven.\u201d<\/em> (Numeri 6: 22-27)<\/p>\n\n\n\n<p><strong>Instructie<\/strong><br>Pak een stokje en neem een minuut stilte. Bid of God jou een naam in je gedachten geeft van iemand uit je buurt. Schrijf deze naam op het stokje en breng deze persoon bij God. Zegen deze persoon. Je kunt er voor kiezen om woorden uit de tekst van hierboven te gebruiken.<\/p>\n\n\n\n<div class=\"wp-block-buttons is-layout-flex wp-block-buttons-is-layout-flex\">\n<div class=\"wp-block-button\"><a class=\"wp-block-button__link wp-element-button\" href=\"https:\/\/biddenvoordeburen.nl\/wp-content\/uploads\/2025\/09\/Bidden-voor-de-Buren-Kids.docx\" target=\"_blank\" rel=\"noreferrer noopener\">Downloaden als document<\/a><\/div>\n<\/div>\n\n\n\n<p><\/p>\n\n\n\n<h4 class=\"wp-block-heading\">Bronnen<\/h4>\n\n\n\n<p>Gebedsvorm 2 en 3 zijn gebaseerd op: <a href=\"https:\/\/prayerspacesinschools.com\/resources\/love-your-neighbour\/\" target=\"_blank\" rel=\"noreferrer noopener\">Love your neighbour<\/a> van Prayer Spaces in Schools &amp; <a href=\"https:\/\/prayerspacesinschools.com\/resources?s=reconciliation\" target=\"_blank\" rel=\"noreferrer noopener\">Reconciliation Zips<\/a> van Prayer Spaces at Home.<br>Gebedsvorm 4 en 5 zijn gebaseerd op gebedsvormen uit de <a href=\"https:\/\/www.kidsofglory.com\" target=\"_blank\" rel=\"noopener\">Kids of Glory Gebedsbox<\/a> voor kinderen.<\/p>\n\n\n\n<p><\/p>\n\n\n\n<div style=\"height:100px\" aria-hidden=\"true\" class=\"wp-block-spacer\"><\/div>\n\n\n\n<p><\/p>\n","protected":false},"excerpt":{"rendered":"<p>Involucra a los ni\u00f1os en la Oraci\u00f3n por el pr\u00f3jimo con actividades divertidas para casa, la iglesia o la escuela.<\/p>","protected":false},"author":1,"featured_media":655,"parent":0,"menu_order":0,"comment_status":"closed","ping_status":"closed","template":"","meta":{"_surecart_dashboard_logo_width":"180px","_surecart_dashboard_show_logo":true,"_surecart_dashboard_navigation_orders":true,"_surecart_dashboard_navigation_invoices":true,"_surecart_dashboard_navigation_subscriptions":true,"_surecart_dashboard_navigation_downloads":true,"_surecart_dashboard_navigation_billing":true,"_surecart_dashboard_navigation_account":true,"footnotes":""},"class_list":["post-1033","page","type-page","status-publish","has-post-thumbnail","hentry"],"blocksy_meta":[],"_links":{"self":[{"href":"https:\/\/biddenvoordeburen.nl\/es\/wp-json\/wp\/v2\/pages\/1033","targetHints":{"allow":["GET"]}}],"collection":[{"href":"https:\/\/biddenvoordeburen.nl\/es\/wp-json\/wp\/v2\/pages"}],"about":[{"href":"https:\/\/biddenvoordeburen.nl\/es\/wp-json\/wp\/v2\/types\/page"}],"author":[{"embeddable":true,"href":"https:\/\/biddenvoordeburen.nl\/es\/wp-json\/wp\/v2\/users\/1"}],"replies":[{"embeddable":true,"href":"https:\/\/biddenvoordeburen.nl\/es\/wp-json\/wp\/v2\/comments?post=1033"}],"version-history":[{"count":4,"href":"https:\/\/biddenvoordeburen.nl\/es\/wp-json\/wp\/v2\/pages\/1033\/revisions"}],"predecessor-version":[{"id":1058,"href":"https:\/\/biddenvoordeburen.nl\/es\/wp-json\/wp\/v2\/pages\/1033\/revisions\/1058"}],"wp:featuredmedia":[{"embeddable":true,"href":"https:\/\/biddenvoordeburen.nl\/es\/wp-json\/wp\/v2\/media\/655"}],"wp:attachment":[{"href":"https:\/\/biddenvoordeburen.nl\/es\/wp-json\/wp\/v2\/media?parent=1033"}],"curies":[{"name":"wp","href":"https:\/\/api.w.org\/{rel}","templated":true}]}}