{"id":120,"date":"2024-05-27T17:38:37","date_gmt":"2024-05-27T17:38:37","guid":{"rendered":"https:\/\/bvdb.designblend.co\/?page_id=120"},"modified":"2024-09-10T10:20:25","modified_gmt":"2024-09-10T10:20:25","slug":"onze-buren","status":"publish","type":"page","link":"https:\/\/biddenvoordeburen.nl\/es\/onze-buren\/","title":{"rendered":"Nuestros vecinos"},"content":{"rendered":"<div data-elementor-type=\"wp-page\" data-elementor-id=\"120\" class=\"elementor elementor-120\" data-elementor-settings=\"{&quot;ha_cmc_init_switcher&quot;:&quot;no&quot;}\" data-elementor-post-type=\"page\">\n\t\t\t\t<div class=\"elementor-element elementor-element-ccd21b2 e-flex e-con-boxed e-con e-parent\" data-id=\"ccd21b2\" data-element_type=\"container\" data-e-type=\"container\" data-settings=\"{&quot;background_background&quot;:&quot;classic&quot;,&quot;_ha_eqh_enable&quot;:false}\">\n\t\t\t\t\t<div class=\"e-con-inner\">\n\t\t<div class=\"elementor-element elementor-element-9b81de8 e-con-full e-flex e-con e-child\" data-id=\"9b81de8\" data-element_type=\"container\" data-e-type=\"container\" data-settings=\"{&quot;_ha_eqh_enable&quot;:false}\">\n\t\t\t\t<div class=\"elementor-element elementor-element-e1ede76 elementor-widget elementor-widget-heading\" data-id=\"e1ede76\" data-element_type=\"widget\" data-e-type=\"widget\" data-widget_type=\"heading.default\">\n\t\t\t\t\t<h1 class=\"elementor-heading-title elementor-size-default\">Nuestros vecinos<\/h1>\t\t\t\t<\/div>\n\t\t\t\t<div class=\"elementor-element elementor-element-6e622c2 elementor-widget elementor-widget-text-editor\" data-id=\"6e622c2\" data-element_type=\"widget\" data-e-type=\"widget\" data-widget_type=\"text-editor.default\">\n\t\t\t\t\t\t\t\t\t<p>En esta p\u00e1gina le contamos un poco m\u00e1s sobre nuestros vecinos de Rotterdam de diferentes or\u00edgenes.<\/p>\t\t\t\t\t\t\t\t<\/div>\n\t\t\t\t<\/div>\n\t\t\t\t\t<\/div>\n\t\t\t\t<\/div>\n\t\t<div class=\"elementor-element elementor-element-0898647 e-flex e-con-boxed e-con e-parent\" data-id=\"0898647\" data-element_type=\"container\" data-e-type=\"container\" data-settings=\"{&quot;background_background&quot;:&quot;classic&quot;,&quot;_ha_eqh_enable&quot;:false}\">\n\t\t\t\t\t<div class=\"e-con-inner\">\n\t\t<div class=\"elementor-element elementor-element-97dbb53 e-con-full e-flex e-con e-child\" data-id=\"97dbb53\" data-element_type=\"container\" data-e-type=\"container\" data-settings=\"{&quot;_ha_eqh_enable&quot;:false}\">\n\t\t\t\t<div data-ha-element-link=\"{&quot;url&quot;:&quot;https:\\\/\\\/biddenvoordeburen.nl\\\/onze-buren\\\/marokkaanse-buren\\\/&quot;,&quot;is_external&quot;:&quot;&quot;,&quot;nofollow&quot;:&quot;&quot;}\" style=\"cursor: pointer\" class=\"elementor-element elementor-element-5395c48 e-transform ha-card--top ha-card--tablet-top ha-card--mobile-top elementor-widget elementor-widget-ha-card happy-addon ha-card\" data-id=\"5395c48\" data-element_type=\"widget\" data-e-type=\"widget\" data-settings=\"{&quot;_transform_scale_effect_hover&quot;:{&quot;unit&quot;:&quot;px&quot;,&quot;size&quot;:1.02,&quot;sizes&quot;:[]},&quot;_transform_scale_effect_hover_tablet&quot;:{&quot;unit&quot;:&quot;px&quot;,&quot;size&quot;:&quot;&quot;,&quot;sizes&quot;:[]},&quot;_transform_scale_effect_hover_mobile&quot;:{&quot;unit&quot;:&quot;px&quot;,&quot;size&quot;:&quot;&quot;,&quot;sizes&quot;:[]}}\" data-widget_type=\"ha-card.default\">\n\t\t\t\t<div class=\"elementor-widget-container\">\n\t\t\t\t\t\n\t\t\t\t\t<figure class=\"ha-card-figure\">\n\t\t\t\t<img fetchpriority=\"high\" decoding=\"async\" width=\"1024\" height=\"683\" src=\"https:\/\/biddenvoordeburen.nl\/wp-content\/uploads\/2024\/05\/Onze-buren-\u2013-Marokkanen-1024x683.jpg\" class=\"attachment-large size-large wp-image-131\" alt=\"Onze buren \u2013 Marokkanen\" srcset=\"https:\/\/biddenvoordeburen.nl\/wp-content\/uploads\/2024\/05\/Onze-buren-\u2013-Marokkanen-1024x683.jpg 1024w, https:\/\/biddenvoordeburen.nl\/wp-content\/uploads\/2024\/05\/Onze-buren-\u2013-Marokkanen-300x200.jpg 300w, https:\/\/biddenvoordeburen.nl\/wp-content\/uploads\/2024\/05\/Onze-buren-\u2013-Marokkanen-768x512.jpg 768w, https:\/\/biddenvoordeburen.nl\/wp-content\/uploads\/2024\/05\/Onze-buren-\u2013-Marokkanen.jpg 1200w\" sizes=\"(max-width: 1024px) 100vw, 1024px\" \/>\t\t\t\t\t\t\t<\/figure>\n\t\t\n\t\t<div class=\"ha-card-body\">\n\n\t\t\t<h3 class=\"ha-card-title\">Vecinos marroqu\u00edes<\/h3>\n\t\t\t\t\t\t\t<div class=\"ha-card-text\">\n\t\t\t\t\t<p>Conozca mejor a sus vecinos marroqu\u00edes.<\/p>\n\t\t\t\t<\/div>\n\t\t\t\n\t\t\t\t\t<\/div>\n\t\t\t\t\t\t<\/div>\n\t\t\t\t<\/div>\n\t\t\t\t<\/div>\n\t\t<div class=\"elementor-element elementor-element-8f273c2 e-con-full e-flex e-con e-child\" data-id=\"8f273c2\" data-element_type=\"container\" data-e-type=\"container\" data-settings=\"{&quot;_ha_eqh_enable&quot;:false}\">\n\t\t\t\t<div data-ha-element-link=\"{&quot;url&quot;:&quot;https:\\\/\\\/biddenvoordeburen.nl\\\/onze-buren\\\/turkse-buren\\\/&quot;,&quot;is_external&quot;:&quot;&quot;,&quot;nofollow&quot;:&quot;&quot;}\" style=\"cursor: pointer\" class=\"elementor-element elementor-element-2350605 e-transform ha-card--top ha-card--tablet-top ha-card--mobile-top elementor-widget elementor-widget-ha-card happy-addon ha-card\" data-id=\"2350605\" data-element_type=\"widget\" data-e-type=\"widget\" data-settings=\"{&quot;_transform_scale_effect_hover&quot;:{&quot;unit&quot;:&quot;px&quot;,&quot;size&quot;:1.02,&quot;sizes&quot;:[]},&quot;_transform_scale_effect_hover_tablet&quot;:{&quot;unit&quot;:&quot;px&quot;,&quot;size&quot;:&quot;&quot;,&quot;sizes&quot;:[]},&quot;_transform_scale_effect_hover_mobile&quot;:{&quot;unit&quot;:&quot;px&quot;,&quot;size&quot;:&quot;&quot;,&quot;sizes&quot;:[]}}\" data-widget_type=\"ha-card.default\">\n\t\t\t\t<div class=\"elementor-widget-container\">\n\t\t\t\t\t\n\t\t\t\t\t<figure class=\"ha-card-figure\">\n\t\t\t\t<img decoding=\"async\" width=\"1024\" height=\"683\" src=\"https:\/\/biddenvoordeburen.nl\/wp-content\/uploads\/2024\/05\/Bidden-voor-de-Buren-3-1024x683.jpeg\" class=\"attachment-large size-large wp-image-126\" alt=\"Bidden voor de Buren 3\" srcset=\"https:\/\/biddenvoordeburen.nl\/wp-content\/uploads\/2024\/05\/Bidden-voor-de-Buren-3-1024x683.jpeg 1024w, https:\/\/biddenvoordeburen.nl\/wp-content\/uploads\/2024\/05\/Bidden-voor-de-Buren-3-300x200.jpeg 300w, https:\/\/biddenvoordeburen.nl\/wp-content\/uploads\/2024\/05\/Bidden-voor-de-Buren-3-768x512.jpeg 768w, https:\/\/biddenvoordeburen.nl\/wp-content\/uploads\/2024\/05\/Bidden-voor-de-Buren-3.jpeg 1200w\" sizes=\"(max-width: 1024px) 100vw, 1024px\" \/>\t\t\t\t\t\t\t<\/figure>\n\t\t\n\t\t<div class=\"ha-card-body\">\n\n\t\t\t<h3 class=\"ha-card-title\">Vecinos turcos<\/h3>\n\t\t\t\t\t\t\t<div class=\"ha-card-text\">\n\t\t\t\t\t<p>Conozca mejor a sus vecinos turcos de Rotterdam.<\/p>\n\t\t\t\t<\/div>\n\t\t\t\n\t\t\t\t\t<\/div>\n\t\t\t\t\t\t<\/div>\n\t\t\t\t<\/div>\n\t\t\t\t<\/div>\n\t\t<div class=\"elementor-element elementor-element-9e20c70 e-con-full e-flex e-con e-child\" data-id=\"9e20c70\" data-element_type=\"container\" data-e-type=\"container\" data-settings=\"{&quot;_ha_eqh_enable&quot;:false}\">\n\t\t\t\t<div data-ha-element-link=\"{&quot;url&quot;:&quot;https:\\\/\\\/biddenvoordeburen.nl\\\/onze-buren\\\/hindoestaanse-buren\\\/&quot;,&quot;is_external&quot;:&quot;&quot;,&quot;nofollow&quot;:&quot;&quot;}\" style=\"cursor: pointer\" class=\"elementor-element elementor-element-57cd98c e-transform ha-card--top ha-card--tablet-top ha-card--mobile-top elementor-widget elementor-widget-ha-card happy-addon ha-card\" data-id=\"57cd98c\" data-element_type=\"widget\" data-e-type=\"widget\" data-settings=\"{&quot;_transform_scale_effect_hover&quot;:{&quot;unit&quot;:&quot;px&quot;,&quot;size&quot;:1.02,&quot;sizes&quot;:[]},&quot;_transform_scale_effect_hover_tablet&quot;:{&quot;unit&quot;:&quot;px&quot;,&quot;size&quot;:&quot;&quot;,&quot;sizes&quot;:[]},&quot;_transform_scale_effect_hover_mobile&quot;:{&quot;unit&quot;:&quot;px&quot;,&quot;size&quot;:&quot;&quot;,&quot;sizes&quot;:[]}}\" data-widget_type=\"ha-card.default\">\n\t\t\t\t<div class=\"elementor-widget-container\">\n\t\t\t\t\t\n\t\t\t\t\t<figure class=\"ha-card-figure\">\n\t\t\t\t<img decoding=\"async\" width=\"1024\" height=\"576\" src=\"https:\/\/biddenvoordeburen.nl\/wp-content\/uploads\/2024\/05\/raimond-klavins-ac3W2sGLxf4-unsplash-1-1024x576.jpg\" class=\"attachment-large size-large wp-image-177\" alt=\"Hindoestanen\" srcset=\"https:\/\/biddenvoordeburen.nl\/wp-content\/uploads\/2024\/05\/raimond-klavins-ac3W2sGLxf4-unsplash-1-1024x576.jpg 1024w, https:\/\/biddenvoordeburen.nl\/wp-content\/uploads\/2024\/05\/raimond-klavins-ac3W2sGLxf4-unsplash-1-300x169.jpg 300w, https:\/\/biddenvoordeburen.nl\/wp-content\/uploads\/2024\/05\/raimond-klavins-ac3W2sGLxf4-unsplash-1-768x432.jpg 768w, https:\/\/biddenvoordeburen.nl\/wp-content\/uploads\/2024\/05\/raimond-klavins-ac3W2sGLxf4-unsplash-1.jpg 1200w\" sizes=\"(max-width: 1024px) 100vw, 1024px\" \/>\t\t\t\t\t\t\t<\/figure>\n\t\t\n\t\t<div class=\"ha-card-body\">\n\n\t\t\t<h3 class=\"ha-card-title\">Vecinos hind\u00faes<\/h3>\n\t\t\t\t\t\t\t<div class=\"ha-card-text\">\n\t\t\t\t\t<p>Conozca mejor a sus vecinos hind\u00faes.<\/p>\n\t\t\t\t<\/div>\n\t\t\t\n\t\t\t\t\t<\/div>\n\t\t\t\t\t\t<\/div>\n\t\t\t\t<\/div>\n\t\t\t\t<\/div>\n\t\t<div class=\"elementor-element elementor-element-d32e298 e-con-full e-flex e-con e-child\" data-id=\"d32e298\" data-element_type=\"container\" data-e-type=\"container\" data-settings=\"{&quot;_ha_eqh_enable&quot;:false}\">\n\t\t\t\t<div data-ha-element-link=\"{&quot;url&quot;:&quot;https:\\\/\\\/biddenvoordeburen.nl\\\/onze-buren\\\/koerdische-buren\\\/&quot;,&quot;is_external&quot;:&quot;&quot;,&quot;nofollow&quot;:&quot;&quot;}\" style=\"cursor: pointer\" class=\"elementor-element elementor-element-8722b62 e-transform ha-card--top ha-card--tablet-top ha-card--mobile-top elementor-widget elementor-widget-ha-card happy-addon ha-card\" data-id=\"8722b62\" data-element_type=\"widget\" data-e-type=\"widget\" data-settings=\"{&quot;_transform_scale_effect_hover&quot;:{&quot;unit&quot;:&quot;px&quot;,&quot;size&quot;:1.02,&quot;sizes&quot;:[]},&quot;_transform_scale_effect_hover_tablet&quot;:{&quot;unit&quot;:&quot;px&quot;,&quot;size&quot;:&quot;&quot;,&quot;sizes&quot;:[]},&quot;_transform_scale_effect_hover_mobile&quot;:{&quot;unit&quot;:&quot;px&quot;,&quot;size&quot;:&quot;&quot;,&quot;sizes&quot;:[]}}\" data-widget_type=\"ha-card.default\">\n\t\t\t\t<div class=\"elementor-widget-container\">\n\t\t\t\t\t\n\t\t\t\t\t<figure class=\"ha-card-figure\">\n\t\t\t\t<img loading=\"lazy\" decoding=\"async\" width=\"1024\" height=\"683\" src=\"https:\/\/biddenvoordeburen.nl\/wp-content\/uploads\/2024\/05\/Koerden-\u2013-Bidden-voor-de-buren-1024x683.webp\" class=\"attachment-large size-large wp-image-186\" alt=\"Koerden \u2013 Bidden voor de buren\" srcset=\"https:\/\/biddenvoordeburen.nl\/wp-content\/uploads\/2024\/05\/Koerden-\u2013-Bidden-voor-de-buren-1024x683.webp 1024w, https:\/\/biddenvoordeburen.nl\/wp-content\/uploads\/2024\/05\/Koerden-\u2013-Bidden-voor-de-buren-300x200.webp 300w, https:\/\/biddenvoordeburen.nl\/wp-content\/uploads\/2024\/05\/Koerden-\u2013-Bidden-voor-de-buren-768x512.webp 768w, https:\/\/biddenvoordeburen.nl\/wp-content\/uploads\/2024\/05\/Koerden-\u2013-Bidden-voor-de-buren.webp 1200w\" sizes=\"(max-width: 1024px) 100vw, 1024px\" \/>\t\t\t\t\t\t\t<\/figure>\n\t\t\n\t\t<div class=\"ha-card-body\">\n\n\t\t\t<h3 class=\"ha-card-title\">Vecinos kurdos<\/h3>\n\t\t\t\t\t\t\t<div class=\"ha-card-text\">\n\t\t\t\t\t<p>M\u00e1s informaci\u00f3n sobre sus vecinos kurdos.<\/p>\n\t\t\t\t<\/div>\n\t\t\t\n\t\t\t\t\t<\/div>\n\t\t\t\t\t\t<\/div>\n\t\t\t\t<\/div>\n\t\t\t\t<\/div>\n\t\t\t\t\t<\/div>\n\t\t\t\t<\/div>\n\t\t<div class=\"elementor-element elementor-element-ec95cbd e-flex e-con-boxed e-con e-parent\" data-id=\"ec95cbd\" data-element_type=\"container\" data-e-type=\"container\" data-settings=\"{&quot;background_background&quot;:&quot;classic&quot;,&quot;_ha_eqh_enable&quot;:false}\">\n\t\t\t\t\t<div class=\"e-con-inner\">\n\t\t<div class=\"elementor-element elementor-element-2a3b31a e-con-full e-flex e-con e-child\" data-id=\"2a3b31a\" data-element_type=\"container\" data-e-type=\"container\" data-settings=\"{&quot;_ha_eqh_enable&quot;:false}\">\n\t\t\t\t<div data-ha-element-link=\"{&quot;url&quot;:&quot;https:\\\/\\\/biddenvoordeburen.nl\\\/onze-buren\\\/afghaanse-buren\\\/&quot;,&quot;is_external&quot;:&quot;&quot;,&quot;nofollow&quot;:&quot;&quot;}\" style=\"cursor: pointer\" class=\"elementor-element elementor-element-6012c74 e-transform ha-card--top ha-card--tablet-top ha-card--mobile-top elementor-widget elementor-widget-ha-card happy-addon ha-card\" data-id=\"6012c74\" data-element_type=\"widget\" data-e-type=\"widget\" data-settings=\"{&quot;_transform_scale_effect_hover&quot;:{&quot;unit&quot;:&quot;px&quot;,&quot;size&quot;:1.02,&quot;sizes&quot;:[]},&quot;_transform_scale_effect_hover_tablet&quot;:{&quot;unit&quot;:&quot;px&quot;,&quot;size&quot;:&quot;&quot;,&quot;sizes&quot;:[]},&quot;_transform_scale_effect_hover_mobile&quot;:{&quot;unit&quot;:&quot;px&quot;,&quot;size&quot;:&quot;&quot;,&quot;sizes&quot;:[]}}\" data-widget_type=\"ha-card.default\">\n\t\t\t\t<div class=\"elementor-widget-container\">\n\t\t\t\t\t\n\t\t\t\t\t<figure class=\"ha-card-figure\">\n\t\t\t\t<img loading=\"lazy\" decoding=\"async\" width=\"1024\" height=\"683\" src=\"https:\/\/biddenvoordeburen.nl\/wp-content\/uploads\/2024\/09\/Afghaanse-buren-Afghanen-1024x683.jpg\" class=\"attachment-large size-large wp-image-519\" alt=\"Afghaanse buren - Afghanen\" srcset=\"https:\/\/biddenvoordeburen.nl\/wp-content\/uploads\/2024\/09\/Afghaanse-buren-Afghanen-1024x683.jpg 1024w, https:\/\/biddenvoordeburen.nl\/wp-content\/uploads\/2024\/09\/Afghaanse-buren-Afghanen-300x200.jpg 300w, https:\/\/biddenvoordeburen.nl\/wp-content\/uploads\/2024\/09\/Afghaanse-buren-Afghanen-768x512.jpg 768w, https:\/\/biddenvoordeburen.nl\/wp-content\/uploads\/2024\/09\/Afghaanse-buren-Afghanen-18x12.jpg 18w, https:\/\/biddenvoordeburen.nl\/wp-content\/uploads\/2024\/09\/Afghaanse-buren-Afghanen.jpg 1200w\" sizes=\"(max-width: 1024px) 100vw, 1024px\" \/>\t\t\t\t\t\t\t<\/figure>\n\t\t\n\t\t<div class=\"ha-card-body\">\n\n\t\t\t<h3 class=\"ha-card-title\">Vecinos afganos<\/h3>\n\t\t\t\t\t\t\t<div class=\"ha-card-text\">\n\t\t\t\t\t<p>M\u00e1s informaci\u00f3n sobre sus vecinos afganos.<\/p>\n\t\t\t\t<\/div>\n\t\t\t\n\t\t\t\t\t<\/div>\n\t\t\t\t\t\t<\/div>\n\t\t\t\t<\/div>\n\t\t\t\t<\/div>\n\t\t<div class=\"elementor-element elementor-element-6ef9684 e-con-full e-flex e-con e-child\" data-id=\"6ef9684\" data-element_type=\"container\" data-e-type=\"container\" data-settings=\"{&quot;_ha_eqh_enable&quot;:false}\">\n\t\t\t\t<div data-ha-element-link=\"{&quot;url&quot;:&quot;https:\\\/\\\/biddenvoordeburen.nl\\\/onze-buren\\\/pakistaanse-buren\\\/&quot;,&quot;is_external&quot;:&quot;&quot;,&quot;nofollow&quot;:&quot;&quot;}\" style=\"cursor: pointer\" class=\"elementor-element elementor-element-0b093a0 e-transform ha-card--top ha-card--tablet-top ha-card--mobile-top elementor-widget elementor-widget-ha-card happy-addon ha-card\" data-id=\"0b093a0\" data-element_type=\"widget\" data-e-type=\"widget\" data-settings=\"{&quot;_transform_scale_effect_hover&quot;:{&quot;unit&quot;:&quot;px&quot;,&quot;size&quot;:1.02,&quot;sizes&quot;:[]},&quot;_transform_scale_effect_hover_tablet&quot;:{&quot;unit&quot;:&quot;px&quot;,&quot;size&quot;:&quot;&quot;,&quot;sizes&quot;:[]},&quot;_transform_scale_effect_hover_mobile&quot;:{&quot;unit&quot;:&quot;px&quot;,&quot;size&quot;:&quot;&quot;,&quot;sizes&quot;:[]}}\" data-widget_type=\"ha-card.default\">\n\t\t\t\t<div class=\"elementor-widget-container\">\n\t\t\t\t\t\n\t\t\t\t\t<figure class=\"ha-card-figure\">\n\t\t\t\t<img loading=\"lazy\" decoding=\"async\" width=\"1024\" height=\"622\" src=\"https:\/\/biddenvoordeburen.nl\/wp-content\/uploads\/2024\/09\/Pakistaanse-buren-Pakistanen-1024x622.jpg\" class=\"attachment-large size-large wp-image-524\" alt=\"Pakistaanse buren\" srcset=\"https:\/\/biddenvoordeburen.nl\/wp-content\/uploads\/2024\/09\/Pakistaanse-buren-Pakistanen-1024x622.jpg 1024w, https:\/\/biddenvoordeburen.nl\/wp-content\/uploads\/2024\/09\/Pakistaanse-buren-Pakistanen-300x182.jpg 300w, https:\/\/biddenvoordeburen.nl\/wp-content\/uploads\/2024\/09\/Pakistaanse-buren-Pakistanen-768x467.jpg 768w, https:\/\/biddenvoordeburen.nl\/wp-content\/uploads\/2024\/09\/Pakistaanse-buren-Pakistanen-18x12.jpg 18w, https:\/\/biddenvoordeburen.nl\/wp-content\/uploads\/2024\/09\/Pakistaanse-buren-Pakistanen.jpg 1200w\" sizes=\"(max-width: 1024px) 100vw, 1024px\" \/>\t\t\t\t\t\t\t<\/figure>\n\t\t\n\t\t<div class=\"ha-card-body\">\n\n\t\t\t<h3 class=\"ha-card-title\">Vecinos paquistan\u00edes<\/h3>\n\t\t\t\t\t\t\t<div class=\"ha-card-text\">\n\t\t\t\t\t<p>Conozca mejor a sus vecinos pakistan\u00edes.<\/p>\n\t\t\t\t<\/div>\n\t\t\t\n\t\t\t\t\t<\/div>\n\t\t\t\t\t\t<\/div>\n\t\t\t\t<\/div>\n\t\t\t\t<\/div>\n\t\t<div class=\"elementor-element elementor-element-6fef801 e-con-full e-flex e-con e-child\" data-id=\"6fef801\" data-element_type=\"container\" data-e-type=\"container\" data-settings=\"{&quot;_ha_eqh_enable&quot;:false}\">\n\t\t\t\t<div data-ha-element-link=\"{&quot;url&quot;:&quot;https:\\\/\\\/biddenvoordeburen.nl\\\/onze-buren\\\/syrische-buren\\\/&quot;,&quot;is_external&quot;:&quot;&quot;,&quot;nofollow&quot;:&quot;&quot;}\" style=\"cursor: pointer\" class=\"elementor-element elementor-element-d04f976 e-transform ha-card--top ha-card--tablet-top ha-card--mobile-top elementor-widget elementor-widget-ha-card happy-addon ha-card\" data-id=\"d04f976\" data-element_type=\"widget\" data-e-type=\"widget\" data-settings=\"{&quot;_transform_scale_effect_hover&quot;:{&quot;unit&quot;:&quot;px&quot;,&quot;size&quot;:1.02,&quot;sizes&quot;:[]},&quot;_transform_scale_effect_hover_tablet&quot;:{&quot;unit&quot;:&quot;px&quot;,&quot;size&quot;:&quot;&quot;,&quot;sizes&quot;:[]},&quot;_transform_scale_effect_hover_mobile&quot;:{&quot;unit&quot;:&quot;px&quot;,&quot;size&quot;:&quot;&quot;,&quot;sizes&quot;:[]}}\" data-widget_type=\"ha-card.default\">\n\t\t\t\t<div class=\"elementor-widget-container\">\n\t\t\t\t\t\n\t\t\t\t\t<figure class=\"ha-card-figure\">\n\t\t\t\t<img loading=\"lazy\" decoding=\"async\" width=\"1024\" height=\"768\" src=\"https:\/\/biddenvoordeburen.nl\/wp-content\/uploads\/2024\/09\/Syrische-buren-1024x768.jpg\" class=\"attachment-large size-large wp-image-516\" alt=\"Syrische buren\" srcset=\"https:\/\/biddenvoordeburen.nl\/wp-content\/uploads\/2024\/09\/Syrische-buren-1024x768.jpg 1024w, https:\/\/biddenvoordeburen.nl\/wp-content\/uploads\/2024\/09\/Syrische-buren-300x225.jpg 300w, https:\/\/biddenvoordeburen.nl\/wp-content\/uploads\/2024\/09\/Syrische-buren-768x576.jpg 768w, https:\/\/biddenvoordeburen.nl\/wp-content\/uploads\/2024\/09\/Syrische-buren-16x12.jpg 16w, https:\/\/biddenvoordeburen.nl\/wp-content\/uploads\/2024\/09\/Syrische-buren.jpg 1200w\" sizes=\"(max-width: 1024px) 100vw, 1024px\" \/>\t\t\t\t\t\t\t<\/figure>\n\t\t\n\t\t<div class=\"ha-card-body\">\n\n\t\t\t<h3 class=\"ha-card-title\">Vecinos sirios<\/h3>\n\t\t\t\t\t\t\t<div class=\"ha-card-text\">\n\t\t\t\t\t<p>M\u00e1s informaci\u00f3n sobre sus vecinos sirios.<\/p>\n\t\t\t\t<\/div>\n\t\t\t\n\t\t\t\t\t<\/div>\n\t\t\t\t\t\t<\/div>\n\t\t\t\t<\/div>\n\t\t\t\t<\/div>\n\t\t<div class=\"elementor-element elementor-element-778de39 e-con-full e-flex e-con e-child\" data-id=\"778de39\" data-element_type=\"container\" data-e-type=\"container\" data-settings=\"{&quot;_ha_eqh_enable&quot;:false}\">\n\t\t\t\t<div data-ha-element-link=\"{&quot;url&quot;:&quot;https:\\\/\\\/biddenvoordeburen.nl\\\/onze-buren\\\/somalische-buren\\\/&quot;,&quot;is_external&quot;:&quot;&quot;,&quot;nofollow&quot;:&quot;&quot;}\" style=\"cursor: pointer\" class=\"elementor-element elementor-element-a8822e1 e-transform ha-card--top ha-card--tablet-top ha-card--mobile-top elementor-widget elementor-widget-ha-card happy-addon ha-card\" data-id=\"a8822e1\" data-element_type=\"widget\" data-e-type=\"widget\" data-settings=\"{&quot;_transform_scale_effect_hover&quot;:{&quot;unit&quot;:&quot;px&quot;,&quot;size&quot;:1.02,&quot;sizes&quot;:[]},&quot;_transform_scale_effect_hover_tablet&quot;:{&quot;unit&quot;:&quot;px&quot;,&quot;size&quot;:&quot;&quot;,&quot;sizes&quot;:[]},&quot;_transform_scale_effect_hover_mobile&quot;:{&quot;unit&quot;:&quot;px&quot;,&quot;size&quot;:&quot;&quot;,&quot;sizes&quot;:[]}}\" data-widget_type=\"ha-card.default\">\n\t\t\t\t<div class=\"elementor-widget-container\">\n\t\t\t\t\t\n\t\t\t\t\t<figure class=\"ha-card-figure\">\n\t\t\t\t<img loading=\"lazy\" decoding=\"async\" width=\"1024\" height=\"585\" src=\"https:\/\/biddenvoordeburen.nl\/wp-content\/uploads\/2024\/09\/Somalische-buren-Somaliers-1024x585.jpg\" class=\"attachment-large size-large wp-image-528\" alt=\"Somalische buren - Somalie\u0308rs\" srcset=\"https:\/\/biddenvoordeburen.nl\/wp-content\/uploads\/2024\/09\/Somalische-buren-Somaliers-1024x585.jpg 1024w, https:\/\/biddenvoordeburen.nl\/wp-content\/uploads\/2024\/09\/Somalische-buren-Somaliers-300x172.jpg 300w, https:\/\/biddenvoordeburen.nl\/wp-content\/uploads\/2024\/09\/Somalische-buren-Somaliers-768x439.jpg 768w, https:\/\/biddenvoordeburen.nl\/wp-content\/uploads\/2024\/09\/Somalische-buren-Somaliers-18x10.jpg 18w, https:\/\/biddenvoordeburen.nl\/wp-content\/uploads\/2024\/09\/Somalische-buren-Somaliers.jpg 1200w\" sizes=\"(max-width: 1024px) 100vw, 1024px\" \/>\t\t\t\t\t\t\t<\/figure>\n\t\t\n\t\t<div class=\"ha-card-body\">\n\n\t\t\t<h3 class=\"ha-card-title\">Vecinos somal\u00edes<\/h3>\n\t\t\t\t\t\t\t<div class=\"ha-card-text\">\n\t\t\t\t\t<p>M\u00e1s informaci\u00f3n sobre sus vecinos somal\u00edes.<\/p>\n\t\t\t\t<\/div>\n\t\t\t\n\t\t\t\t\t<\/div>\n\t\t\t\t\t\t<\/div>\n\t\t\t\t<\/div>\n\t\t\t\t<\/div>\n\t\t\t\t\t<\/div>\n\t\t\t\t<\/div>\n\t\t\t\t<\/div>","protected":false},"excerpt":{"rendered":"<p>En esta p\u00e1gina le contamos un poco m\u00e1s sobre nuestros vecinos de Rotterdam de diferentes or\u00edgenes.<\/p>","protected":false},"author":1,"featured_media":121,"parent":0,"menu_order":0,"comment_status":"closed","ping_status":"closed","template":"elementor_header_footer","meta":{"_surecart_dashboard_logo_width":"180px","_surecart_dashboard_show_logo":true,"_surecart_dashboard_navigation_orders":true,"_surecart_dashboard_navigation_invoices":true,"_surecart_dashboard_navigation_subscriptions":true,"_surecart_dashboard_navigation_downloads":true,"_surecart_dashboard_navigation_billing":true,"_surecart_dashboard_navigation_account":true,"footnotes":""},"class_list":["post-120","page","type-page","status-publish","has-post-thumbnail","hentry"],"blocksy_meta":[],"_links":{"self":[{"href":"https:\/\/biddenvoordeburen.nl\/es\/wp-json\/wp\/v2\/pages\/120","targetHints":{"allow":["GET"]}}],"collection":[{"href":"https:\/\/biddenvoordeburen.nl\/es\/wp-json\/wp\/v2\/pages"}],"about":[{"href":"https:\/\/biddenvoordeburen.nl\/es\/wp-json\/wp\/v2\/types\/page"}],"author":[{"embeddable":true,"href":"https:\/\/biddenvoordeburen.nl\/es\/wp-json\/wp\/v2\/users\/1"}],"replies":[{"embeddable":true,"href":"https:\/\/biddenvoordeburen.nl\/es\/wp-json\/wp\/v2\/comments?post=120"}],"version-history":[{"count":35,"href":"https:\/\/biddenvoordeburen.nl\/es\/wp-json\/wp\/v2\/pages\/120\/revisions"}],"predecessor-version":[{"id":553,"href":"https:\/\/biddenvoordeburen.nl\/es\/wp-json\/wp\/v2\/pages\/120\/revisions\/553"}],"wp:featuredmedia":[{"embeddable":true,"href":"https:\/\/biddenvoordeburen.nl\/es\/wp-json\/wp\/v2\/media\/121"}],"wp:attachment":[{"href":"https:\/\/biddenvoordeburen.nl\/es\/wp-json\/wp\/v2\/media?parent=120"}],"curies":[{"name":"wp","href":"https:\/\/api.w.org\/{rel}","templated":true}]}}