{"id":123,"date":"2024-05-27T17:55:47","date_gmt":"2024-05-27T17:55:47","guid":{"rendered":"https:\/\/bvdb.designblend.co\/?page_id=123"},"modified":"2025-06-21T12:42:23","modified_gmt":"2025-06-21T12:42:23","slug":"marokkaanse-buren","status":"publish","type":"page","link":"https:\/\/biddenvoordeburen.nl\/es\/onze-buren\/marokkaanse-buren\/","title":{"rendered":"Vecinos marroqu\u00edes"},"content":{"rendered":"<p class=\"has-medium-font-size\"><strong>El Reino de Marruecos es el resultado de siglos de mezcla de culturas. En este sentido, no es tan diferente de la propia ciudad de Rotterdam, ciudad en la que los marroqu\u00edes son bastante numerosos.<\/strong><\/p>\n\n\n\n<p>Con unas 46.000 personas, sus vecinos marroqu\u00edes representan alrededor del 7% de la poblaci\u00f3n, lo que los convierte en el tercer grupo minoritario de la ciudad. Muchos marroqu\u00edes llegaron a Rotterdam en los a\u00f1os 60 y 70 en busca de trabajo. Muchos siguen viniendo a la ciudad hoy en d\u00eda, en busca de otras oportunidades para ellos. Durante este tiempo, los marroqu\u00edes fundaron familias y criaron hijos con una mezcla de cultura marroqu\u00ed y holandesa. La cercan\u00eda de las dos culturas es f\u00e1cil de ver en nuestra ciudad, especialmente con el alcalde Ahmed Aboutaleb, que creci\u00f3 en la provincia marroqu\u00ed de Nador.<\/p>\n\n\n\n<p>La mayor\u00eda de los marroqu\u00edes son seguidores del Islam sun\u00ed, con un abrumador 99% de personas en el pa\u00eds que se identifican como tales. 94% de los marroqu\u00edes que viven en los Pa\u00edses Bajos se declaran musulmanes, 78% siguen el horario de oraci\u00f3n isl\u00e1mico y 37% acuden semanalmente a las mezquitas. Aunque el porcentaje de musulmanes marroqu\u00edes es menor en los Pa\u00edses Bajos que en el propio Marruecos, la diferencia no es tan grande, lo que demuestra lo importante que es el islam para los marroqu\u00edes.<\/p>\n\n\n\n<p><\/p>\n\n\n\n<figure class=\"wp-block-gallery has-nested-images columns-default is-cropped wp-block-gallery-1 is-layout-flex wp-block-gallery-is-layout-flex\">\n<figure class=\"wp-block-image size-large has-custom-border is-style-default\"><img fetchpriority=\"high\" decoding=\"async\" width=\"1024\" height=\"683\" data-id=\"127\" src=\"https:\/\/biddenvoordeburen.nl\/wp-content\/uploads\/2024\/05\/Bidden-voor-de-Buren-4-1024x683.jpeg\" alt=\"\" class=\"wp-image-127\" style=\"border-radius:8px\" srcset=\"https:\/\/biddenvoordeburen.nl\/wp-content\/uploads\/2024\/05\/Bidden-voor-de-Buren-4-1024x683.jpeg 1024w, https:\/\/biddenvoordeburen.nl\/wp-content\/uploads\/2024\/05\/Bidden-voor-de-Buren-4-300x200.jpeg 300w, https:\/\/biddenvoordeburen.nl\/wp-content\/uploads\/2024\/05\/Bidden-voor-de-Buren-4-768x512.jpeg 768w, https:\/\/biddenvoordeburen.nl\/wp-content\/uploads\/2024\/05\/Bidden-voor-de-Buren-4.jpeg 1200w\" sizes=\"(max-width: 1024px) 100vw, 1024px\" \/><\/figure>\n<\/figure>\n\n\n\n<p><\/p>\n\n\n\n<p>Los marroqu\u00edes suelen ser de ascendencia \u00e1rabe o bereber, y en todo el pa\u00eds se hablan ambas lenguas (\u00e1rabe y tamazight). El reino posee una extensa historia cultural que perdura hasta nuestros d\u00edas. La arquitectura marroqu\u00ed es un buen ejemplo, con influencias del Imperio Romano, el mundo isl\u00e1mico y la Francia colonial (por nombrar algunas), siendo las isl\u00e1micas las m\u00e1s predominantes. El t\u00e9, por supuesto, es una bebida muy popular e importante para los marroqu\u00edes. Este t\u00e9 verde, o \"atay\" (introducido por los brit\u00e1nicos en los siglos XVIII y XIX), se infusiona con menta y az\u00facar y es un sello distintivo de la cultura y la hospitalidad marroqu\u00edes. <\/p>\n\n\n\n<p>La cultura de Marruecos no existir\u00eda sin influencias exteriores. Y del mismo modo que la cultura de su pa\u00eds de origen fue moldeada, los marroqu\u00edes de Rotterdam de hoy est\u00e1n moldeados por el crisol de culturas que es nuestra ciudad.<\/p>\n\n\n\n<p><\/p>\n\n\n\n<div class=\"wp-block-group has-palette-color-7-background-color has-background is-layout-constrained wp-container-core-group-is-layout-95339512 wp-block-group-is-layout-constrained\" style=\"padding-top:24px;padding-right:24px;padding-bottom:24px;padding-left:24px\">\n<h4 class=\"wp-block-heading\">Puntos de oraci\u00f3n<\/h4>\n\n\n\n<ul class=\"wp-block-list\">\n<li>Rezar contra la discriminaci\u00f3n de los marroqu\u00edes en Rotterdam y los Pa\u00edses Bajos<\/li>\n\n\n\n<li>Que los marroqu\u00edes tengan una vida segura y productiva en Rotterdam<\/li>\n\n\n\n<li>Para las distintas generaciones de marroqu\u00edes, j\u00f3venes y mayores, que viven en la ciudad<\/li>\n\n\n\n<li>Ayuda en situaciones familiares dif\u00edciles para los marroqu\u00edes que se han hecho cristianos<\/li>\n\n\n\n<li>M\u00e1s trabajadores entre los marroqu\u00edes de Rotterdam<\/li>\n\n\n\n<li>Por su trabajo con los marroqu\u00edes en Source of Life, Gave Foundation, etc.<\/li>\n<\/ul>\n<\/div>\n\n\n\n<div style=\"height:100px\" aria-hidden=\"true\" class=\"wp-block-spacer\"><\/div>","protected":false},"excerpt":{"rendered":"<p>Conozca a sus vecinos Conozca a sus vecinos marroqu\u00edes: origen, cultura, religi\u00f3n y mucho m\u00e1s.<\/p>","protected":false},"author":1,"featured_media":131,"parent":120,"menu_order":0,"comment_status":"closed","ping_status":"closed","template":"","meta":{"_surecart_dashboard_logo_width":"180px","_surecart_dashboard_show_logo":true,"_surecart_dashboard_navigation_orders":true,"_surecart_dashboard_navigation_invoices":true,"_surecart_dashboard_navigation_subscriptions":true,"_surecart_dashboard_navigation_downloads":true,"_surecart_dashboard_navigation_billing":true,"_surecart_dashboard_navigation_account":true,"footnotes":""},"class_list":["post-123","page","type-page","status-publish","has-post-thumbnail","hentry"],"blocksy_meta":[],"_links":{"self":[{"href":"https:\/\/biddenvoordeburen.nl\/es\/wp-json\/wp\/v2\/pages\/123","targetHints":{"allow":["GET"]}}],"collection":[{"href":"https:\/\/biddenvoordeburen.nl\/es\/wp-json\/wp\/v2\/pages"}],"about":[{"href":"https:\/\/biddenvoordeburen.nl\/es\/wp-json\/wp\/v2\/types\/page"}],"author":[{"embeddable":true,"href":"https:\/\/biddenvoordeburen.nl\/es\/wp-json\/wp\/v2\/users\/1"}],"replies":[{"embeddable":true,"href":"https:\/\/biddenvoordeburen.nl\/es\/wp-json\/wp\/v2\/comments?post=123"}],"version-history":[{"count":15,"href":"https:\/\/biddenvoordeburen.nl\/es\/wp-json\/wp\/v2\/pages\/123\/revisions"}],"predecessor-version":[{"id":941,"href":"https:\/\/biddenvoordeburen.nl\/es\/wp-json\/wp\/v2\/pages\/123\/revisions\/941"}],"up":[{"embeddable":true,"href":"https:\/\/biddenvoordeburen.nl\/es\/wp-json\/wp\/v2\/pages\/120"}],"wp:featuredmedia":[{"embeddable":true,"href":"https:\/\/biddenvoordeburen.nl\/es\/wp-json\/wp\/v2\/media\/131"}],"wp:attachment":[{"href":"https:\/\/biddenvoordeburen.nl\/es\/wp-json\/wp\/v2\/media?parent=123"}],"curies":[{"name":"wp","href":"https:\/\/api.w.org\/{rel}","templated":true}]}}