{"id":168,"date":"2024-05-31T13:50:55","date_gmt":"2024-05-31T13:50:55","guid":{"rendered":"https:\/\/bvdb.designblend.co\/?page_id=168"},"modified":"2025-06-21T12:51:40","modified_gmt":"2025-06-21T12:51:40","slug":"turkse-buren","status":"publish","type":"page","link":"https:\/\/biddenvoordeburen.nl\/es\/onze-buren\/turkse-buren\/","title":{"rendered":"Vecinos turcos"},"content":{"rendered":"<p class=\"has-medium-font-size\"><strong>Los turcos constituyen el puente entre el mundo oriental y el occidental. Con una poblaci\u00f3n de unos 50.000 habitantes en R\u00f3terdam, los turcos representan alrededor del 8% de los residentes de la ciudad, lo que los convierte en el segundo grupo minoritario de la ciudad.<\/strong><\/p>\n\n\n\n<p>Los turcos llevan mucho tiempo en los Pa\u00edses Bajos; muchos llegaron al pa\u00eds y a Rotterdam desde los a\u00f1os 60 y 70 en busca de trabajo. Por supuesto, hay mucha diversidad dentro de la comunidad turca. Hay turcos que vienen directamente de Turqu\u00eda, turcos nacidos y criados en los Pa\u00edses Bajos y turcos de origen kurdo.<\/p>\n\n\n\n<p><\/p>\n\n\n\n<figure class=\"wp-block-image size-large has-custom-border\"><img fetchpriority=\"high\" decoding=\"async\" width=\"1024\" height=\"683\" src=\"https:\/\/biddenvoordeburen.nl\/wp-content\/uploads\/2024\/05\/Bidden-voor-de-Buren-3-1024x683.jpeg\" alt=\"\" class=\"wp-image-126\" style=\"border-radius:8px\" srcset=\"https:\/\/biddenvoordeburen.nl\/wp-content\/uploads\/2024\/05\/Bidden-voor-de-Buren-3-1024x683.jpeg 1024w, https:\/\/biddenvoordeburen.nl\/wp-content\/uploads\/2024\/05\/Bidden-voor-de-Buren-3-300x200.jpeg 300w, https:\/\/biddenvoordeburen.nl\/wp-content\/uploads\/2024\/05\/Bidden-voor-de-Buren-3-768x512.jpeg 768w, https:\/\/biddenvoordeburen.nl\/wp-content\/uploads\/2024\/05\/Bidden-voor-de-Buren-3.jpeg 1200w\" sizes=\"(max-width: 1024px) 100vw, 1024px\" \/><\/figure>\n\n\n\n<p><\/p>\n\n\n\n<p>Muchos turcos viven en Rotterdam-Zuid, por ejemplo en el barrio de Feijenoord. La mitad de la poblaci\u00f3n musulmana de Rotterdam es de origen turco, lo que los convierte en uno de los grupos de poblaci\u00f3n m\u00e1s importantes de nuestra ciudad. Curiosamente, su Turqu\u00eda natal fue anta\u00f1o el centro del mundo cristiano oriental. Pero cuando Constantinopla se convirti\u00f3 en Estambul tras caer en manos de los otomanos en 1453, el islam sustituy\u00f3 al cristianismo como religi\u00f3n dominante en la zona.<\/p>\n\n\n\n<p class=\"has-background has-medium-font-size\" style=\"background-color:#6b7fd617\"><em>Los turcos son hospitalarios, valoran la comunidad y son muy fiesteros (cualquiera que haya asistido a una boda turca lo sabe). Su historia cultural y sus tradiciones son ricas y extensas, y merece la pena explorarlas, ya que pueden allanar el camino para entablar conversaciones interesantes.<\/em><\/p>\n\n\n\n<p><\/p>\n\n\n\n<div class=\"wp-block-group has-palette-color-7-background-color has-background is-layout-constrained wp-container-core-group-is-layout-95339512 wp-block-group-is-layout-constrained\" style=\"padding-top:24px;padding-right:24px;padding-bottom:24px;padding-left:24px\">\n<h4 class=\"wp-block-heading\">Puntos de oraci\u00f3n<\/h4>\n\n\n\n<ul class=\"wp-block-list\">\n<li>Contra la discriminaci\u00f3n que sufren muchos turcos en Rotterdam y los Pa\u00edses Bajos<\/li>\n\n\n\n<li>Seguridad para los turcos que vienen a Rotterdam y construyen su vida en Rotterdam<\/li>\n\n\n\n<li>Para los turcos que emigraron aqu\u00ed y luchan por adaptarse y para sus hijos nacidos aqu\u00ed con una identidad neerlandesa y turca.<\/li>\n\n\n\n<li>Que se eliminen las barreras que impiden a los turcos seguir a Jes\u00fas<\/li>\n\n\n\n<li>Por las numerosas iniciativas en Rotterdam destinadas a llegar a los turcos y a quienes trabajan en ellos<\/li>\n\n\n\n<li>Por la apertura de los cristianos de Rotterdam a la acogida y el testimonio de los turcos<\/li>\n<\/ul>\n<\/div>\n\n\n\n<p><\/p>\n\n\n\n<p><\/p>","protected":false},"excerpt":{"rendered":"<p>Conozca a sus vecinos Conozca a sus vecinos turcos: origen, cultura, religi\u00f3n y mucho m\u00e1s.<\/p>","protected":false},"author":1,"featured_media":169,"parent":120,"menu_order":0,"comment_status":"closed","ping_status":"closed","template":"","meta":{"_surecart_dashboard_logo_width":"180px","_surecart_dashboard_show_logo":true,"_surecart_dashboard_navigation_orders":true,"_surecart_dashboard_navigation_invoices":true,"_surecart_dashboard_navigation_subscriptions":true,"_surecart_dashboard_navigation_downloads":true,"_surecart_dashboard_navigation_billing":true,"_surecart_dashboard_navigation_account":true,"footnotes":""},"class_list":["post-168","page","type-page","status-publish","has-post-thumbnail","hentry"],"blocksy_meta":[],"_links":{"self":[{"href":"https:\/\/biddenvoordeburen.nl\/es\/wp-json\/wp\/v2\/pages\/168","targetHints":{"allow":["GET"]}}],"collection":[{"href":"https:\/\/biddenvoordeburen.nl\/es\/wp-json\/wp\/v2\/pages"}],"about":[{"href":"https:\/\/biddenvoordeburen.nl\/es\/wp-json\/wp\/v2\/types\/page"}],"author":[{"embeddable":true,"href":"https:\/\/biddenvoordeburen.nl\/es\/wp-json\/wp\/v2\/users\/1"}],"replies":[{"embeddable":true,"href":"https:\/\/biddenvoordeburen.nl\/es\/wp-json\/wp\/v2\/comments?post=168"}],"version-history":[{"count":9,"href":"https:\/\/biddenvoordeburen.nl\/es\/wp-json\/wp\/v2\/pages\/168\/revisions"}],"predecessor-version":[{"id":946,"href":"https:\/\/biddenvoordeburen.nl\/es\/wp-json\/wp\/v2\/pages\/168\/revisions\/946"}],"up":[{"embeddable":true,"href":"https:\/\/biddenvoordeburen.nl\/es\/wp-json\/wp\/v2\/pages\/120"}],"wp:featuredmedia":[{"embeddable":true,"href":"https:\/\/biddenvoordeburen.nl\/es\/wp-json\/wp\/v2\/media\/169"}],"wp:attachment":[{"href":"https:\/\/biddenvoordeburen.nl\/es\/wp-json\/wp\/v2\/media?parent=168"}],"curies":[{"name":"wp","href":"https:\/\/api.w.org\/{rel}","templated":true}]}}