{"id":175,"date":"2024-05-31T14:13:21","date_gmt":"2024-05-31T14:13:21","guid":{"rendered":"https:\/\/bvdb.designblend.co\/?page_id=175"},"modified":"2025-06-21T12:41:24","modified_gmt":"2025-06-21T12:41:24","slug":"hindoestaanse-buren","status":"publish","type":"page","link":"https:\/\/biddenvoordeburen.nl\/es\/onze-buren\/hindoestaanse-buren\/","title":{"rendered":"Vecinos hind\u00faes"},"content":{"rendered":"<h2 class=\"wp-block-heading\">Sobre el hind\u00fa surinam\u00e9s<\/h2>\n\n\n\n<p class=\"has-medium-font-size\"><strong><em>\"Que Dios est\u00e9 con nosotros, Surinam.<\/em><\/strong>\u201c<\/p>\n\n\n\n<p>A pesar de los cambios en la pol\u00edtica mundial, la sombra del colonialismo sigue presente en todo el planeta. Surinam fue colonizado por los holandeses en 1667 y permaneci\u00f3 bajo su control hasta su independencia en noviembre de 1975. Los a\u00f1os como colonia holandesa crearon una especie de crisol de razas, ya que se trajeron esclavos y trabajadores contratados de distintos rincones del mundo. Uno de ellos eran los indios orientales o, como se les conoce en holand\u00e9s, los hind\u00faes.<\/p>\n\n\n\n<p>Cuando la esclavitud africana se hizo ilegal en 1863, muchos trabajadores de las Indias Orientales llegaron a Surinam desde la India ocupada por los brit\u00e1nicos. Muchos se asentaron en el pa\u00eds y trajeron consigo sus costumbres, especialmente la pr\u00e1ctica generalizada del hinduismo. A diferencia de sus hom\u00f3logos brit\u00e1nicos en Guyana, los colonos holandeses no interfirieron mucho en la pr\u00e1ctica del hinduismo en Surinam. Por esta raz\u00f3n, los hind\u00faes pudieron mantener intacta su religi\u00f3n y transmitirla de generaci\u00f3n en generaci\u00f3n.<\/p>\n\n\n\n<p>El t\u00e9rmino \"indostan\u00ed\", tal y como lo utilizamos en los Pa\u00edses Bajos, ya no dice nada de religi\u00f3n, sino que se usa simplemente para describir a los hombres y mujeres surinameses de ascendencia india. Sin embargo, el hinduismo sigue siendo una parte muy importante de la cultura hind\u00fa, con unos 78% que practican esta religi\u00f3n. De hecho, son los hind\u00faes quienes componen casi en solitario la poblaci\u00f3n hind\u00fa de los Pa\u00edses Bajos. Y Rotterdam no es una excepci\u00f3n.<\/p>\n\n\n\n<p><br>Alrededor del 9% de la poblaci\u00f3n de Rotterdam es surinamesa, lo que les otorga el t\u00edtulo de grupo minoritario m\u00e1s poblado de la ciudad. Por lo tanto, no es de extra\u00f1ar que la mayor\u00eda de la poblaci\u00f3n hind\u00fa de Rotterdam se encuentre entre los hind\u00faes.<\/p>\n\n\n\n<p><br>Esta devoci\u00f3n al hinduismo es una parte importante de la agitada pero siempre persistente historia del pueblo hind\u00fa.<br><\/p>\n\n\n\n<div class=\"wp-block-group has-palette-color-7-background-color has-background is-layout-constrained wp-container-core-group-is-layout-95339512 wp-block-group-is-layout-constrained\" style=\"padding-top:24px;padding-right:24px;padding-bottom:24px;padding-left:24px\">\n<h4 class=\"wp-block-heading\">Puntos de oraci\u00f3n<\/h4>\n\n\n\n<ul class=\"wp-block-list\">\n<li>Para que los hind\u00faes se sientan bienvenidos en Rotterdam<\/li>\n\n\n\n<li>Consuelo para los hind\u00faes que a\u00fan tienen muchos parientes en Surinam<\/li>\n\n\n\n<li>Por las posibilidades de una vida buena y pr\u00f3spera en el campo<\/li>\n\n\n\n<li>Que los hind\u00faes practicantes vean a Jes\u00fas no como un dios entre muchos, sino como el \u00fanico Dios.<\/li>\n\n\n\n<li>La iglesia de Rotterdam se esforzar\u00e1 por implicar a los hind\u00faes<\/li>\n\n\n\n<li>Para los ministerios y proyectos dirigidos a los hind\u00faes<\/li>\n<\/ul>\n<\/div>\n\n\n\n<div style=\"height:80px\" aria-hidden=\"true\" class=\"wp-block-spacer\"><\/div>\n\n\n\n<p><\/p>\n\n\n\n<p><\/p>","protected":false},"excerpt":{"rendered":"<p>Conozca a sus vecinos Obtenga m\u00e1s informaci\u00f3n sobre sus vecinos hind\u00faes de Surinam: origen, cultura, religi\u00f3n y mucho m\u00e1s.<\/p>","protected":false},"author":1,"featured_media":178,"parent":120,"menu_order":0,"comment_status":"closed","ping_status":"closed","template":"","meta":{"_surecart_dashboard_logo_width":"180px","_surecart_dashboard_show_logo":true,"_surecart_dashboard_navigation_orders":true,"_surecart_dashboard_navigation_invoices":true,"_surecart_dashboard_navigation_subscriptions":true,"_surecart_dashboard_navigation_downloads":true,"_surecart_dashboard_navigation_billing":true,"_surecart_dashboard_navigation_account":true,"footnotes":""},"class_list":["post-175","page","type-page","status-publish","has-post-thumbnail","hentry"],"blocksy_meta":[],"_links":{"self":[{"href":"https:\/\/biddenvoordeburen.nl\/es\/wp-json\/wp\/v2\/pages\/175","targetHints":{"allow":["GET"]}}],"collection":[{"href":"https:\/\/biddenvoordeburen.nl\/es\/wp-json\/wp\/v2\/pages"}],"about":[{"href":"https:\/\/biddenvoordeburen.nl\/es\/wp-json\/wp\/v2\/types\/page"}],"author":[{"embeddable":true,"href":"https:\/\/biddenvoordeburen.nl\/es\/wp-json\/wp\/v2\/users\/1"}],"replies":[{"embeddable":true,"href":"https:\/\/biddenvoordeburen.nl\/es\/wp-json\/wp\/v2\/comments?post=175"}],"version-history":[{"count":11,"href":"https:\/\/biddenvoordeburen.nl\/es\/wp-json\/wp\/v2\/pages\/175\/revisions"}],"predecessor-version":[{"id":939,"href":"https:\/\/biddenvoordeburen.nl\/es\/wp-json\/wp\/v2\/pages\/175\/revisions\/939"}],"up":[{"embeddable":true,"href":"https:\/\/biddenvoordeburen.nl\/es\/wp-json\/wp\/v2\/pages\/120"}],"wp:featuredmedia":[{"embeddable":true,"href":"https:\/\/biddenvoordeburen.nl\/es\/wp-json\/wp\/v2\/media\/178"}],"wp:attachment":[{"href":"https:\/\/biddenvoordeburen.nl\/es\/wp-json\/wp\/v2\/media?parent=175"}],"curies":[{"name":"wp","href":"https:\/\/api.w.org\/{rel}","templated":true}]}}