{"id":185,"date":"2024-05-31T14:22:18","date_gmt":"2024-05-31T14:22:18","guid":{"rendered":"https:\/\/bvdb.designblend.co\/?page_id=185"},"modified":"2025-06-21T12:41:55","modified_gmt":"2025-06-21T12:41:55","slug":"koerdische-buren","status":"publish","type":"page","link":"https:\/\/biddenvoordeburen.nl\/es\/onze-buren\/koerdische-buren\/","title":{"rendered":"Vecinos kurdos"},"content":{"rendered":"<p class=\"has-medium-font-size\">Al final de Daniel 5, la Biblia menciona brevemente al poderoso Imperio Medo que viene, junto con los persas, a conquistar Babilonia. Y aunque el propio imperio de los medos desapareci\u00f3 hace mucho tiempo, los kurdos, como descendientes, siguen presentes en esta regi\u00f3n en la actualidad.<\/p>\n\n\n\n<h2 class=\"wp-block-heading\">Sobre los kurdos<\/h2>\n\n\n\n<p>Es muy com\u00fan que un pueblo tenga su propio pa\u00eds, pero por desgracia \u00e9sta no es la realidad de los kurdos. La zona donde viven muchos de ellos se conoce como \"Kurdist\u00e1n\" e incluye una larga cadena monta\u00f1osa que no es un pa\u00eds en s\u00ed, sino partes de varios otros pa\u00edses (como Turqu\u00eda, Irak, Ir\u00e1n y Siria). Es comprensible que esto haya supuesto una gran lucha para el pueblo kurdo en la historia moderna, sobre todo teniendo en cuenta su fuerte herencia cultural, que se remonta muy atr\u00e1s en el tiempo.<\/p>\n\n\n\n<p>Los combates en su regi\u00f3n del mundo han hecho que muchos kurdos emigren a otros lugares Unos 100.000 kurdos han elegido los Pa\u00edses Bajos como su nuevo hogar y una gran proporci\u00f3n de estos hombres y mujeres viven concretamente en Rotterdam.<\/p>\n\n\n\n<p><\/p>\n\n\n\n<p class=\"has-background has-medium-font-size\" style=\"background-color:#ffbd662e\"><em>Aunque hay unos 40 millones de kurdos en el mundo, s\u00f3lo unos 12.000 son cristianos. El Islam sigue siendo la fuerza religiosa dominante para la gran mayor\u00eda de los kurdos.<\/em><\/p>\n\n\n\n<p><\/p>\n\n\n\n<p>Si algo ha demostrado la historia es que los kurdos son un pueblo resistente. A pesar de la enorme oposici\u00f3n a la que se han enfrentado como pueblo que anhela su propio pa\u00eds, siguen siendo leales y fieles a sus costumbres y formas de vida. Son luchadores de coraz\u00f3n. Un ejemplo bien conocido de ello son los Peshmerga, las fuerzas kurdas, muy arraigadas en la lucha contra el Estado Isl\u00e1mico (EI).<\/p>\n\n\n\n<p>Los kurdos son un pueblo impresionante con una historia igualmente impresionante. Tienen su propia y extensa cultura, lengua e historia, y est\u00e1n orgullosos de ello. Y del mismo modo que sus antepasados participaron en la historia de la Biblia, hoy son igualmente valorados y buscados por Dios, algo que merece la pena compartir y dar a conocer entre ellos.<\/p>\n\n\n\n<p><\/p>\n\n\n\n<figure class=\"wp-block-image size-large has-custom-border\"><img fetchpriority=\"high\" decoding=\"async\" width=\"1024\" height=\"683\" src=\"https:\/\/biddenvoordeburen.nl\/wp-content\/uploads\/2024\/05\/Bidden-voor-de-Buren-2-1024x683.jpeg\" alt=\"\" class=\"wp-image-125\" style=\"border-radius:8px\" srcset=\"https:\/\/biddenvoordeburen.nl\/wp-content\/uploads\/2024\/05\/Bidden-voor-de-Buren-2-1024x683.jpeg 1024w, https:\/\/biddenvoordeburen.nl\/wp-content\/uploads\/2024\/05\/Bidden-voor-de-Buren-2-300x200.jpeg 300w, https:\/\/biddenvoordeburen.nl\/wp-content\/uploads\/2024\/05\/Bidden-voor-de-Buren-2-768x512.jpeg 768w, https:\/\/biddenvoordeburen.nl\/wp-content\/uploads\/2024\/05\/Bidden-voor-de-Buren-2.jpeg 1200w\" sizes=\"(max-width: 1024px) 100vw, 1024px\" \/><\/figure>\n\n\n\n<p><\/p>\n\n\n\n<div class=\"wp-block-group has-palette-color-7-background-color has-background is-layout-constrained wp-container-core-group-is-layout-95339512 wp-block-group-is-layout-constrained\" style=\"padding-top:24px;padding-right:24px;padding-bottom:24px;padding-left:24px\">\n<h4 class=\"wp-block-heading\">Puntos de oraci\u00f3n<\/h4>\n\n\n\n<ul class=\"wp-block-list\">\n<li>Contra el aislamiento social, el racismo o los problemas de salud mental a los que pueden enfrentarse los kurdos al integrarse aqu\u00ed.<\/li>\n\n\n\n<li>Unidad entre los propios kurdos y aceptaci\u00f3n y comprensi\u00f3n de quienes les rodean.<\/li>\n\n\n\n<li>Para los kurdos cristianos de Rotterdam y su presencia en esta ciudad<\/li>\n\n\n\n<li>\u00c1reas de interacci\u00f3n entre la Iglesia de Rotterdam y los kurdos<\/li>\n\n\n\n<li>Para el funcionamiento del Hogar para kurdos en Rotterdam Sur<\/li>\n\n\n\n<li>Para los cristianos kurdos al servicio de la Iglesia en Rotterdam<\/li>\n<\/ul>\n<\/div>\n\n\n\n<div style=\"height:100px\" aria-hidden=\"true\" class=\"wp-block-spacer\"><\/div>\n\n\n\n<p><\/p>\n\n\n\n<p><\/p>\n\n\n\n<p><\/p>\n\n\n\n<p><\/p>","protected":false},"excerpt":{"rendered":"<p>Conozca a sus vecinos Conozca a sus vecinos kurdos: origen, cultura, religi\u00f3n y mucho m\u00e1s.<\/p>","protected":false},"author":1,"featured_media":186,"parent":120,"menu_order":0,"comment_status":"closed","ping_status":"closed","template":"","meta":{"_surecart_dashboard_logo_width":"180px","_surecart_dashboard_show_logo":true,"_surecart_dashboard_navigation_orders":true,"_surecart_dashboard_navigation_invoices":true,"_surecart_dashboard_navigation_subscriptions":true,"_surecart_dashboard_navigation_downloads":true,"_surecart_dashboard_navigation_billing":true,"_surecart_dashboard_navigation_account":true,"footnotes":""},"class_list":["post-185","page","type-page","status-publish","has-post-thumbnail","hentry"],"blocksy_meta":[],"_links":{"self":[{"href":"https:\/\/biddenvoordeburen.nl\/es\/wp-json\/wp\/v2\/pages\/185","targetHints":{"allow":["GET"]}}],"collection":[{"href":"https:\/\/biddenvoordeburen.nl\/es\/wp-json\/wp\/v2\/pages"}],"about":[{"href":"https:\/\/biddenvoordeburen.nl\/es\/wp-json\/wp\/v2\/types\/page"}],"author":[{"embeddable":true,"href":"https:\/\/biddenvoordeburen.nl\/es\/wp-json\/wp\/v2\/users\/1"}],"replies":[{"embeddable":true,"href":"https:\/\/biddenvoordeburen.nl\/es\/wp-json\/wp\/v2\/comments?post=185"}],"version-history":[{"count":7,"href":"https:\/\/biddenvoordeburen.nl\/es\/wp-json\/wp\/v2\/pages\/185\/revisions"}],"predecessor-version":[{"id":940,"href":"https:\/\/biddenvoordeburen.nl\/es\/wp-json\/wp\/v2\/pages\/185\/revisions\/940"}],"up":[{"embeddable":true,"href":"https:\/\/biddenvoordeburen.nl\/es\/wp-json\/wp\/v2\/pages\/120"}],"wp:featuredmedia":[{"embeddable":true,"href":"https:\/\/biddenvoordeburen.nl\/es\/wp-json\/wp\/v2\/media\/186"}],"wp:attachment":[{"href":"https:\/\/biddenvoordeburen.nl\/es\/wp-json\/wp\/v2\/media?parent=185"}],"curies":[{"name":"wp","href":"https:\/\/api.w.org\/{rel}","templated":true}]}}