{"id":252,"date":"2024-06-01T17:45:14","date_gmt":"2024-06-01T17:45:14","guid":{"rendered":"https:\/\/bvdb.designblend.co\/?page_id=252"},"modified":"2026-01-28T12:25:30","modified_gmt":"2026-01-28T12:25:30","slug":"gebedsboekje","status":"publish","type":"page","link":"https:\/\/biddenvoordeburen.nl\/es\/gebedsboekje\/","title":{"rendered":"Libro de oraciones"},"content":{"rendered":"<h3 class=\"wp-block-heading\">Edici\u00f3n 2026<\/h3>\n\n\n\n<p class=\"has-palette-color-2-color has-text-color has-background has-link-color wp-elements-01fa4c02d5d1ba9d9d64966ecfbbf2f9\" style=\"background-color:#02a1a10f\">Actualmente estamos trabajando duro en el material para 2026. Pronto encontrar\u00e1s m\u00e1s informaci\u00f3n y un avance aqu\u00ed.<\/p>\n\n\n\n<h3 class=\"wp-block-heading\">Edici\u00f3n 2025<\/h3>\n\n\n\n<p>A continuaci\u00f3n puede consultar el folleto de oraciones del a\u00f1o pasado en diferentes ediciones:<\/p>\n\n\n\n<ul class=\"wp-block-list\">\n<li>Para Rotterdam<\/li>\n\n\n\n<li>Para Gouda<\/li>\n\n\n\n<li>Ingl\u00e9s<\/li>\n<\/ul>\n\n\n\n<h4 class=\"wp-block-heading\">Para Rotterdam<\/h4>\n\n\n\n<div data-wp-interactive=\"core\/file\" class=\"wp-block-file\"><object data-wp-bind--hidden=\"!state.hasPdfPreview\" hidden class=\"wp-block-file__embed\" data=\"https:\/\/biddenvoordeburen.nl\/wp-content\/uploads\/2025\/06\/Gebedsboekje-Bidden-voor-de-Buren-\u2013-Rotterdam-2025.pdf\" type=\"application\/pdf\" style=\"width:100%;height:600px\" aria-label=\"Incrustado el folleto de oraciones Orando por el pr\u00f3jimo - Rotterdam (2025).\"><\/object><a id=\"wp-block-file--media-531c3722-be38-4943-a2e5-0bf273623da5\" href=\"https:\/\/biddenvoordeburen.nl\/wp-content\/uploads\/2025\/06\/Gebedsboekje-Bidden-voor-de-Buren-\u2013-Rotterdam-2025.pdf\">Cuaderno de oraciones Orar por el pr\u00f3jimo - Rotterdam (2025)<\/a><\/div>\n\n\n\n<p><\/p>\n\n\n\n<h4 class=\"wp-block-heading\">Para Gouda<\/h4>\n\n\n\n<div data-wp-interactive=\"core\/file\" class=\"wp-block-file\"><object data-wp-bind--hidden=\"!state.hasPdfPreview\" hidden class=\"wp-block-file__embed\" data=\"https:\/\/biddenvoordeburen.nl\/wp-content\/uploads\/2025\/06\/Gebedsboekje-Bidden-voor-de-Buren-\u2013-Gouda-2025.pdf\" type=\"application\/pdf\" style=\"width:100%;height:600px\" aria-label=\"Incrustado el cuaderno de oraciones Rezar por los vecinos - Gouda (2025).\"><\/object><a id=\"wp-block-file--media-a50d73f8-48be-4321-9a90-0576bb778b19\" href=\"https:\/\/biddenvoordeburen.nl\/wp-content\/uploads\/2025\/06\/Gebedsboekje-Bidden-voor-de-Buren-\u2013-Gouda-2025.pdf\">Cuaderno de oraciones Orar por el pr\u00f3jimo - Gouda (2025)<\/a><\/div>\n\n\n\n<p><\/p>\n\n\n\n<h4 class=\"wp-block-heading\">Ingl\u00e9s<\/h4>\n\n\n\n<div data-wp-interactive=\"core\/file\" class=\"wp-block-file\"><object data-wp-bind--hidden=\"!state.hasPdfPreview\" hidden class=\"wp-block-file__embed\" data=\"https:\/\/biddenvoordeburen.nl\/wp-content\/uploads\/2025\/06\/Who-Is-My-Neighbor-Bidden-voor-de-Buren-Prayer-Week-2025.pdf\" type=\"application\/pdf\" style=\"width:100%;height:600px\" aria-label=\"Incrustado de Who Is My Neighbour - Praying for Neighbours Prayer Week (2025).\"><\/object><a id=\"wp-block-file--media-ea0d8445-e8fc-4548-9cff-27207e3976f3\" href=\"https:\/\/biddenvoordeburen.nl\/wp-content\/uploads\/2025\/06\/Who-Is-My-Neighbor-Bidden-voor-de-Buren-Prayer-Week-2025.pdf\">Qui\u00e9n es mi pr\u00f3jimo - Semana de oraci\u00f3n por el pr\u00f3jimo (2025)<\/a><\/div>\n\n\n\n<div style=\"height:120px\" aria-hidden=\"true\" class=\"wp-block-spacer\"><\/div>\n\n\n\n<p><\/p>","protected":false},"excerpt":{"rendered":"<p>Consulta el libro de oraciones en l\u00ednea y \u00fanete a nosotros para rezar por tus vecinos.<\/p>","protected":false},"author":1,"featured_media":253,"parent":0,"menu_order":0,"comment_status":"closed","ping_status":"closed","template":"","meta":{"_surecart_dashboard_logo_width":"180px","_surecart_dashboard_show_logo":true,"_surecart_dashboard_navigation_orders":true,"_surecart_dashboard_navigation_invoices":true,"_surecart_dashboard_navigation_subscriptions":true,"_surecart_dashboard_navigation_downloads":true,"_surecart_dashboard_navigation_billing":true,"_surecart_dashboard_navigation_account":true,"footnotes":""},"class_list":["post-252","page","type-page","status-publish","has-post-thumbnail","hentry"],"blocksy_meta":[],"_links":{"self":[{"href":"https:\/\/biddenvoordeburen.nl\/es\/wp-json\/wp\/v2\/pages\/252","targetHints":{"allow":["GET"]}}],"collection":[{"href":"https:\/\/biddenvoordeburen.nl\/es\/wp-json\/wp\/v2\/pages"}],"about":[{"href":"https:\/\/biddenvoordeburen.nl\/es\/wp-json\/wp\/v2\/types\/page"}],"author":[{"embeddable":true,"href":"https:\/\/biddenvoordeburen.nl\/es\/wp-json\/wp\/v2\/users\/1"}],"replies":[{"embeddable":true,"href":"https:\/\/biddenvoordeburen.nl\/es\/wp-json\/wp\/v2\/comments?post=252"}],"version-history":[{"count":14,"href":"https:\/\/biddenvoordeburen.nl\/es\/wp-json\/wp\/v2\/pages\/252\/revisions"}],"predecessor-version":[{"id":1100,"href":"https:\/\/biddenvoordeburen.nl\/es\/wp-json\/wp\/v2\/pages\/252\/revisions\/1100"}],"wp:featuredmedia":[{"embeddable":true,"href":"https:\/\/biddenvoordeburen.nl\/es\/wp-json\/wp\/v2\/media\/253"}],"wp:attachment":[{"href":"https:\/\/biddenvoordeburen.nl\/es\/wp-json\/wp\/v2\/media?parent=252"}],"curies":[{"name":"wp","href":"https:\/\/api.w.org\/{rel}","templated":true}]}}