{"id":305,"date":"2024-06-01T20:43:15","date_gmt":"2024-06-01T20:43:15","guid":{"rendered":"https:\/\/bvdb.designblend.co\/?page_id=305"},"modified":"2025-06-02T13:36:43","modified_gmt":"2025-06-02T13:36:43","slug":"wie-zijn-wij","status":"publish","type":"page","link":"https:\/\/biddenvoordeburen.nl\/es\/wie-zijn-wij\/","title":{"rendered":"\u00bfQui\u00e9nes somos?"},"content":{"rendered":"<p class=\"has-palette-color-5-color has-text-color has-background has-link-color wp-elements-15b450035f74c6ef9b7f276bb76b1e17\" style=\"background-color:#00b3b321\"><strong>Rezar por los vecinos<\/strong> es una colaboraci\u00f3n entre <a href=\"https:\/\/www.24-7prayerrotterdam.nl\/\" data-type=\"link\" data-id=\"https:\/\/www.24-7prayerrotterdam.nl\/\" target=\"_blank\" rel=\"noreferrer noopener\"><strong>Oraci\u00f3n 24-7 Rotterdam<\/strong><\/a>, <strong><a href=\"https:\/\/gelovendichtbij.nl\" target=\"_blank\" rel=\"noopener\">Creer cerca<\/a><\/strong> y <a href=\"https:\/\/reachingrotterdam.nl\/\" target=\"_blank\" rel=\"noreferrer noopener\"><strong>CME: Llegar a Rotterdam<\/strong><\/a>. Juntos sentimos pasi\u00f3n por la ciudad y creemos que la oraci\u00f3n nos cambia a nosotros mismos y a nuestros vecinos. En esta iniciativa, llamamos la atenci\u00f3n sobre los grupos menos alcanzados de la ciudad, Dios ama a estas personas y quiere mostrarse a ellos. \u00a0\u00a0<\/p>\n\n\n\n<p><br><\/p>\n\n\n\n<div class=\"wp-block-group is-horizontal is-content-justification-space-between is-nowrap is-layout-flex wp-container-core-group-is-layout-101360d2 wp-block-group-is-layout-flex\">\n<figure class=\"wp-block-image size-large is-resized\"><img fetchpriority=\"high\" decoding=\"async\" width=\"1024\" height=\"167\" src=\"https:\/\/biddenvoordeburen.nl\/wp-content\/uploads\/2024\/06\/Logo-RR-1024x167.png\" alt=\"\" class=\"wp-image-313\" style=\"width:270px;height:auto\" srcset=\"https:\/\/biddenvoordeburen.nl\/wp-content\/uploads\/2024\/06\/Logo-RR-1024x167.png 1024w, https:\/\/biddenvoordeburen.nl\/wp-content\/uploads\/2024\/06\/Logo-RR-300x49.png 300w, https:\/\/biddenvoordeburen.nl\/wp-content\/uploads\/2024\/06\/Logo-RR-768x125.png 768w, https:\/\/biddenvoordeburen.nl\/wp-content\/uploads\/2024\/06\/Logo-RR.png 1377w\" sizes=\"(max-width: 1024px) 100vw, 1024px\" \/><\/figure>\n\n\n\n<figure class=\"wp-block-image size-full is-resized\"><img decoding=\"async\" width=\"703\" height=\"174\" src=\"https:\/\/biddenvoordeburen.nl\/wp-content\/uploads\/2024\/06\/24-7-Prayer-Rotterdam-LOGO.png\" alt=\"\" class=\"wp-image-312\" style=\"width:188px;height:auto\" srcset=\"https:\/\/biddenvoordeburen.nl\/wp-content\/uploads\/2024\/06\/24-7-Prayer-Rotterdam-LOGO.png 703w, https:\/\/biddenvoordeburen.nl\/wp-content\/uploads\/2024\/06\/24-7-Prayer-Rotterdam-LOGO-300x74.png 300w\" sizes=\"(max-width: 703px) 100vw, 703px\" \/><\/figure>\n\n\n\n<figure class=\"wp-block-image size-full is-resized\"><img decoding=\"async\" src=\"https:\/\/biddenvoordeburen.nl\/wp-content\/uploads\/2025\/05\/geloven-dichtbij-2.svg\" alt=\"\" class=\"wp-image-802\" style=\"width:93px;height:auto\"\/><\/figure>\n<\/div>\n\n\n\n<p><br><\/p>\n\n\n\n<h3 class=\"wp-block-heading\">Llegar a Rotterdam<\/h3>\n\n\n\n<p>Reaching Rotterdam desea que incluso los menos alcanzados de nuestra ciudad formen parte de pr\u00f3speras comunidades de fe. Creemos que esto se logra mediante una cooperaci\u00f3n fruct\u00edfera con las iglesias y las organizaciones misioneras. Movilizamos la oraci\u00f3n, los trabajadores, la visi\u00f3n, la cooperaci\u00f3n y el equipamiento para llegar a los menos alcanzados en Rotterdam.<\/p>\n\n\n\n<p><\/p>\n\n\n\n<h3 class=\"wp-block-heading\">Oraci\u00f3n 24-7 Rotterdam<\/h3>\n\n\n\n<p>24-7 Prayer Rotterdam quiere unir a cristianos e iglesias de Rotterdam para rezar y construir juntos por la renovaci\u00f3n de la ciudad. Para ello, han creado una comunidad residencial en el barrio en el que viven. Juntos han creado la Casa de Oraci\u00f3n, donde todos los habitantes de Rotterdam son bienvenidos para encontrarse con Dios y unirse a la oraci\u00f3n por la ciudad.<\/p>\n\n\n\n<p><\/p>\n\n\n\n<h3 class=\"wp-block-heading\">Creer cerca<\/h3>\n\n\n\n<p>Faith Nearby es una iniciativa nueva e innovadora para conectar, equipar y desafiar a los lugares de culto existentes y nuevos a descubrir, practicar y compartir juntos la buena nueva. Para ello&nbsp;<strong>cerca de<\/strong>&nbsp;- de una manera que se adapte a creyentes, buscadores, esc\u00e9pticos y todo lo dem\u00e1s. A veces se les llama \"contempor\u00e1neos\". Creemos que esto est\u00e1 bien: junto con los contempor\u00e1neos, buscamos noticias que sean buenas para nuestras vidas, noticias que puedan compartirse en diferentes lugares, momentos y maneras.<\/p>\n\n\n\n<h2 class=\"wp-block-heading\">Socio<\/h2>\n\n\n\n<h3 class=\"wp-block-heading\"><strong>Evangelio y musulmanes<\/strong><\/h3>\n\n\n\n<p><a href=\"https:\/\/evangelie-moslims.nl\/\" target=\"_blank\" rel=\"noreferrer noopener\"><strong>Evangelio y musulmanes<\/strong><\/a> inspira y apoya a los cristianos para que muestren a los musulmanes de nuestro pa\u00eds, con palabras y hechos, qui\u00e9n es Jesucristo. Ayuda a las iglesias a invitar hospitalariamente a los musulmanes a conocer el Evangelio. Apoya a quienes llegan a la fe para seguir a Jes\u00fas como Salvador y Se\u00f1or y dar testimonio de \u00c9l. En esta misi\u00f3n, Dios re\u00fane a personas de todos los or\u00edgenes. E&amp;M anhela que cada musulm\u00e1n de nuestro pa\u00eds llegue a conocer y seguir a Jes\u00fas y que cada congregaci\u00f3n cristiana les proporcione un hogar.<\/p>\n\n\n\n<figure class=\"wp-block-image size-full is-resized\"><img decoding=\"async\" width=\"500\" height=\"272\" src=\"https:\/\/biddenvoordeburen.nl\/wp-content\/uploads\/2024\/06\/image-1.png\" alt=\"\" class=\"wp-image-318\" style=\"width:127px;height:auto\" srcset=\"https:\/\/biddenvoordeburen.nl\/wp-content\/uploads\/2024\/06\/image-1.png 500w, https:\/\/biddenvoordeburen.nl\/wp-content\/uploads\/2024\/06\/image-1-300x163.png 300w\" sizes=\"(max-width: 500px) 100vw, 500px\" \/><\/figure>\n\n\n\n<div style=\"height:100px\" aria-hidden=\"true\" class=\"wp-block-spacer\"><\/div>","protected":false},"excerpt":{"rendered":"<p>Bidden voor de buren is een samenwerking tussen 24-7 Prayer Rotterdam, Geloven Dichtbij en WEC: Reaching Rotterdam. Samen hebben we passie voor de stad en geloven dat gebed onszelf en onze buren verandert. In dit initiatief vragen we aandacht voor de minst bereikten groepen in de stad, God houdt van deze mensen en wil zich [&hellip;]<\/p>\n","protected":false},"author":1,"featured_media":127,"parent":0,"menu_order":0,"comment_status":"closed","ping_status":"closed","template":"","meta":{"_surecart_dashboard_logo_width":"180px","_surecart_dashboard_show_logo":true,"_surecart_dashboard_navigation_orders":true,"_surecart_dashboard_navigation_invoices":true,"_surecart_dashboard_navigation_subscriptions":true,"_surecart_dashboard_navigation_downloads":true,"_surecart_dashboard_navigation_billing":true,"_surecart_dashboard_navigation_account":true,"footnotes":""},"class_list":["post-305","page","type-page","status-publish","has-post-thumbnail","hentry"],"blocksy_meta":[],"_links":{"self":[{"href":"https:\/\/biddenvoordeburen.nl\/es\/wp-json\/wp\/v2\/pages\/305","targetHints":{"allow":["GET"]}}],"collection":[{"href":"https:\/\/biddenvoordeburen.nl\/es\/wp-json\/wp\/v2\/pages"}],"about":[{"href":"https:\/\/biddenvoordeburen.nl\/es\/wp-json\/wp\/v2\/types\/page"}],"author":[{"embeddable":true,"href":"https:\/\/biddenvoordeburen.nl\/es\/wp-json\/wp\/v2\/users\/1"}],"replies":[{"embeddable":true,"href":"https:\/\/biddenvoordeburen.nl\/es\/wp-json\/wp\/v2\/comments?post=305"}],"version-history":[{"count":12,"href":"https:\/\/biddenvoordeburen.nl\/es\/wp-json\/wp\/v2\/pages\/305\/revisions"}],"predecessor-version":[{"id":817,"href":"https:\/\/biddenvoordeburen.nl\/es\/wp-json\/wp\/v2\/pages\/305\/revisions\/817"}],"wp:featuredmedia":[{"embeddable":true,"href":"https:\/\/biddenvoordeburen.nl\/es\/wp-json\/wp\/v2\/media\/127"}],"wp:attachment":[{"href":"https:\/\/biddenvoordeburen.nl\/es\/wp-json\/wp\/v2\/media?parent=305"}],"curies":[{"name":"wp","href":"https:\/\/api.w.org\/{rel}","templated":true}]}}