{"id":496,"date":"2024-09-10T08:46:29","date_gmt":"2024-09-10T08:46:29","guid":{"rendered":"https:\/\/biddenvoordeburen.nl\/?page_id=496"},"modified":"2024-09-10T09:01:43","modified_gmt":"2024-09-10T09:01:43","slug":"samen-bidden","status":"publish","type":"page","link":"https:\/\/biddenvoordeburen.nl\/es\/samen-bidden\/","title":{"rendered":"Rezar juntos"},"content":{"rendered":"<p>Orar juntos es poderoso, motivador y te cambia a ti y al mundo que te rodea. Algunos consejos sobre c\u00f3mo rezar esto juntos como congregaci\u00f3n o grupo en casa durante la semana de oraci\u00f3n (algunos puedes combinarlos):<\/p>\n\n\n\n<ol class=\"wp-block-list\">\n<li><strong>Crear un grupo de WhatsApp conjunto<\/strong> en el que os anim\u00e9is unos a otros durante la semana a partir de vuestra(s) oraci\u00f3n(es) por vuestros vecinos y vecindario e inspirarles a rezar por el vecindario. Coloca un enlace de invitaci\u00f3n a este grupo de WhatsApp (y\/o un c\u00f3digo QR del mismo) en un canal de tu congregaci\u00f3n (por ejemplo, el libro de la iglesia, el bolet\u00edn (semanal), etc.).<br><br><\/li>\n\n\n\n<li><strong>Pincha uno o varios momentos (breves) de oraci\u00f3n en l\u00ednea<\/strong> a trav\u00e9s de una plataforma como Zoom o Teams y env\u00eda el enlace de invitaci\u00f3n. Un breve momento de oraci\u00f3n es m\u00e1s factible para m\u00e1s personas. Consejos para dar forma a ese momento, puedes<strong> <a href=\"https:\/\/24-7prayer.nl\/materiaal\/online-bidden\/\" target=\"_blank\" rel=\"noopener\">aqu\u00ed<\/a> <\/strong>encontrar.<br><br><\/li>\n\n\n\n<li><strong>Programe un momento f\u00edsico de oraci\u00f3n durante la semana.<\/strong> El paseo de oraci\u00f3n del mi\u00e9rcoles, la oraci\u00f3n del Padre Nuestro del jueves o escribir un salmo el viernes podr\u00edan ser esos momentos (v\u00e9ase el folleto sobre la oraci\u00f3n). Consejos para una reuni\u00f3n de oraci\u00f3n <a href=\"https:\/\/24-7prayer.nl\/materiaal\/dynamische-gebedsbijeenkomst\/\" target=\"_blank\" rel=\"noopener\">aqu\u00ed<\/a> encontrar.<br><br><\/li>\n\n\n\n<li><strong>Encuentre un compa\u00f1ero de oraci\u00f3n<\/strong> con los que tienes contacto ocasional durante la semana (whatsapp, f\u00edsicamente para rezar juntos, etc.). La simple experiencia de rezar juntos por (posiblemente los mismos) vecinos o vecinos ya es inspiradora.<\/li>\n<\/ol>\n\n\n\n<p>Jes\u00fas dice:<em>\"Os lo aseguro de nuevo: si dos de vosotros aqu\u00ed en la tierra piden algo al un\u00edsono, sea lo que sea, mi Padre que est\u00e1 en los cielos lo har\u00e1 realidad para ellos. Porque donde dos o tres est\u00e1n juntos en mi nombre, yo estoy en medio de ellos\". (Mateo 18:19-20)<\/em><\/p>\n\n\n\n<div style=\"height:100px\" aria-hidden=\"true\" class=\"wp-block-spacer\"><\/div>","protected":false},"excerpt":{"rendered":"<p>Samen bidden is krachtig, motiverend en verandert jezelf en de wereld om je heen. Een paar tips hoe je dit tijdens de gebedsweek samen kan bidden als gemeente of huisgroep (sommigen kun je combineren): Jezus zegt:\u201cIk verzeker het jullie nogmaals: als twee van jullie hier op aarde eensgezind om iets vragen, wat het ook is, [&hellip;]<\/p>\n","protected":false},"author":1,"featured_media":497,"parent":0,"menu_order":0,"comment_status":"closed","ping_status":"closed","template":"","meta":{"_surecart_dashboard_logo_width":"180px","_surecart_dashboard_show_logo":true,"_surecart_dashboard_navigation_orders":true,"_surecart_dashboard_navigation_invoices":true,"_surecart_dashboard_navigation_subscriptions":true,"_surecart_dashboard_navigation_downloads":true,"_surecart_dashboard_navigation_billing":true,"_surecart_dashboard_navigation_account":true,"footnotes":""},"class_list":["post-496","page","type-page","status-publish","has-post-thumbnail","hentry"],"blocksy_meta":[],"_links":{"self":[{"href":"https:\/\/biddenvoordeburen.nl\/es\/wp-json\/wp\/v2\/pages\/496","targetHints":{"allow":["GET"]}}],"collection":[{"href":"https:\/\/biddenvoordeburen.nl\/es\/wp-json\/wp\/v2\/pages"}],"about":[{"href":"https:\/\/biddenvoordeburen.nl\/es\/wp-json\/wp\/v2\/types\/page"}],"author":[{"embeddable":true,"href":"https:\/\/biddenvoordeburen.nl\/es\/wp-json\/wp\/v2\/users\/1"}],"replies":[{"embeddable":true,"href":"https:\/\/biddenvoordeburen.nl\/es\/wp-json\/wp\/v2\/comments?post=496"}],"version-history":[{"count":4,"href":"https:\/\/biddenvoordeburen.nl\/es\/wp-json\/wp\/v2\/pages\/496\/revisions"}],"predecessor-version":[{"id":506,"href":"https:\/\/biddenvoordeburen.nl\/es\/wp-json\/wp\/v2\/pages\/496\/revisions\/506"}],"wp:featuredmedia":[{"embeddable":true,"href":"https:\/\/biddenvoordeburen.nl\/es\/wp-json\/wp\/v2\/media\/497"}],"wp:attachment":[{"href":"https:\/\/biddenvoordeburen.nl\/es\/wp-json\/wp\/v2\/media?parent=496"}],"curies":[{"name":"wp","href":"https:\/\/api.w.org\/{rel}","templated":true}]}}