{"id":515,"date":"2024-09-10T09:22:52","date_gmt":"2024-09-10T09:22:52","guid":{"rendered":"https:\/\/biddenvoordeburen.nl\/?page_id=515"},"modified":"2025-06-21T12:51:14","modified_gmt":"2025-06-21T12:51:14","slug":"syrische-buren","status":"publish","type":"page","link":"https:\/\/biddenvoordeburen.nl\/es\/onze-buren\/syrische-buren\/","title":{"rendered":"Vecinos sirios"},"content":{"rendered":"<h2 class=\"wp-block-heading\">Sobre los sirios<\/h2>\n\n\n\n<p>La regi\u00f3n de Mesopotamia, situada a orillas de los r\u00edos Tigris y \u00c9ufrates, es donde la mayor\u00eda de los historiadores coinciden en que comenz\u00f3 la civilizaci\u00f3n. Y es en esta cuna de la civilizaci\u00f3n donde se encuentra el actual pa\u00eds de Siria y su pueblo, los sirios.<\/p>\n\n\n\n<p>La historia de Siria eclipsa la de la mayor\u00eda de los pa\u00edses europeos. Para empezar, se les menciona a menudo en la Biblia. Desde el pueblo de Aram (mencionado innumerables veces en el Antiguo Testamento) hasta su lengua, el arameo, que se convirti\u00f3 en la lengua que hablaba Jes\u00fas, su influencia forma parte inseparable de la narraci\u00f3n b\u00edblica. De hecho, fue en la ciudad siria de Antioqu\u00eda donde naci\u00f3 el t\u00e9rmino cristiano. La propia Iglesia siria es una de las m\u00e1s antiguas que existen. No se puede negar la larga e impresionante historia que hay detr\u00e1s del pueblo sirio.<\/p>\n\n\n\n<p>Por desgracia, Siria tambi\u00e9n est\u00e1 inmersa en m\u00faltiples guerras y conflictos. En particular, la guerra civil siria, que comenz\u00f3 el 15 de marzo de 2011 en medio de las protestas de la Primavera \u00c1rabe. La guerra, que comenz\u00f3 cuando el gobierno del presidente Bashar al-Assad dispar\u00f3 contra los manifestantes, se ha convertido en un destacado conflicto mundial en el que participan numerosas potencias extranjeras, desde Oriente Medio hasta Estados Unidos.<\/p>\n\n\n\n<p>La guerra civil asol\u00f3 el pa\u00eds y, como era de esperar, provoc\u00f3 la huida de muchos de los que quedaron atrapados en el fuego cruzado. A mediados de la d\u00e9cada de 2010, muchas de estas personas llegaron a los Pa\u00edses Bajos con la esperanza de encontrar ayuda y una salida.<\/p>\n\n\n\n<p>Los sirios constituyen actualmente el segundo grupo \u00e1rabe m\u00e1s numeroso de los Pa\u00edses Bajos, con unas 130.000 personas, una diversidad bien representada en Rotterdam.<\/p>\n\n\n\n<p>Por desgracia, la vida no ha sido f\u00e1cil para los sirios aqu\u00ed: 38% s\u00f3lo pudo encontrar trabajo temporal y depend\u00eda de las prestaciones. Esto, unido al malestar general y la desconfianza de los neerlandeses nativos, dificulta la integraci\u00f3n de los sirios.<\/p>\n\n\n\n<p>No olvidemos que los atributos m\u00e1s importantes de la Iglesia son su hospitalidad y su compromiso con la comunidad. Ese don, y el Dios del que procede, es algo que nuestros hermanos y hermanas sirios podr\u00edan necesitar ahora mismo.<\/p>\n\n\n\n<p><\/p>\n\n\n\n<div class=\"wp-block-group has-palette-color-7-background-color has-background is-layout-constrained wp-container-core-group-is-layout-95339512 wp-block-group-is-layout-constrained\" style=\"padding-top:24px;padding-right:24px;padding-bottom:24px;padding-left:24px\">\n<h4 class=\"wp-block-heading\">Puntos de oraci\u00f3n<\/h4>\n\n\n\n<ul class=\"wp-block-list\">\n<li>Para la situaci\u00f3n en Siria con el reciente cambio de r\u00e9gimen<\/li>\n\n\n\n<li>Para los sirios de Rotterdam que tienen seres queridos en su pa\u00eds<\/li>\n\n\n\n<li>Para los refugiados sirios que viven en pateras sin saber qu\u00e9 ser\u00e1 de ellos<\/li>\n\n\n\n<li>Que comunidades cristianas afectuosas acojan a los sirios en Rotterdam y compartan con ellos el Evangelio<\/li>\n\n\n\n<li>Para ministerios como Fuente de Vida, que comparten el Evangelio entre sirios y otros \u00e1rabes.<\/li>\n\n\n\n<li>Para todos los sirios que descubren la fe en Jes\u00fas despu\u00e9s de mudarse aqu\u00ed<\/li>\n<\/ul>\n<\/div>\n\n\n\n<div style=\"height:100px\" aria-hidden=\"true\" class=\"wp-block-spacer\"><\/div>\n\n\n\n<p><\/p>","protected":false},"excerpt":{"rendered":"<p>Conozca a sus vecinos Inf\u00f3rmate sobre tus vecinos sirios: origen, cultura, religi\u00f3n y mucho m\u00e1s.<\/p>","protected":false},"author":1,"featured_media":516,"parent":120,"menu_order":0,"comment_status":"closed","ping_status":"closed","template":"","meta":{"_surecart_dashboard_logo_width":"180px","_surecart_dashboard_show_logo":true,"_surecart_dashboard_navigation_orders":true,"_surecart_dashboard_navigation_invoices":true,"_surecart_dashboard_navigation_subscriptions":true,"_surecart_dashboard_navigation_downloads":true,"_surecart_dashboard_navigation_billing":true,"_surecart_dashboard_navigation_account":true,"footnotes":""},"class_list":["post-515","page","type-page","status-publish","has-post-thumbnail","hentry"],"blocksy_meta":[],"_links":{"self":[{"href":"https:\/\/biddenvoordeburen.nl\/es\/wp-json\/wp\/v2\/pages\/515","targetHints":{"allow":["GET"]}}],"collection":[{"href":"https:\/\/biddenvoordeburen.nl\/es\/wp-json\/wp\/v2\/pages"}],"about":[{"href":"https:\/\/biddenvoordeburen.nl\/es\/wp-json\/wp\/v2\/types\/page"}],"author":[{"embeddable":true,"href":"https:\/\/biddenvoordeburen.nl\/es\/wp-json\/wp\/v2\/users\/1"}],"replies":[{"embeddable":true,"href":"https:\/\/biddenvoordeburen.nl\/es\/wp-json\/wp\/v2\/comments?post=515"}],"version-history":[{"count":3,"href":"https:\/\/biddenvoordeburen.nl\/es\/wp-json\/wp\/v2\/pages\/515\/revisions"}],"predecessor-version":[{"id":945,"href":"https:\/\/biddenvoordeburen.nl\/es\/wp-json\/wp\/v2\/pages\/515\/revisions\/945"}],"up":[{"embeddable":true,"href":"https:\/\/biddenvoordeburen.nl\/es\/wp-json\/wp\/v2\/pages\/120"}],"wp:featuredmedia":[{"embeddable":true,"href":"https:\/\/biddenvoordeburen.nl\/es\/wp-json\/wp\/v2\/media\/516"}],"wp:attachment":[{"href":"https:\/\/biddenvoordeburen.nl\/es\/wp-json\/wp\/v2\/media?parent=515"}],"curies":[{"name":"wp","href":"https:\/\/api.w.org\/{rel}","templated":true}]}}