{"id":518,"date":"2024-09-10T09:31:33","date_gmt":"2024-09-10T09:31:33","guid":{"rendered":"https:\/\/biddenvoordeburen.nl\/?page_id=518"},"modified":"2025-06-21T12:40:53","modified_gmt":"2025-06-21T12:40:53","slug":"afghaanse-buren","status":"publish","type":"page","link":"https:\/\/biddenvoordeburen.nl\/es\/onze-buren\/afghaanse-buren\/","title":{"rendered":"Vecinos afganos"},"content":{"rendered":"<h3 class=\"wp-block-heading\">Sobre los afganos<\/h3>\n\n\n\n<p>El monta\u00f1oso pa\u00eds de Afganist\u00e1n tiene una larga historia como encrucijada entre muchos imperios poderosos. Desde los medos hasta los persas, pasando por los griegos y otros, Afganist\u00e1n ha estado en una encrucijada de intercambios culturales, agitaci\u00f3n y expansi\u00f3n, lo que hace que su lugar en la historia mundial sea bastante importante.<\/p>\n\n\n\n<p>En el siglo IX, el Islam arraig\u00f3 de forma prominente en el pa\u00eds, donde comprende hasta hoy el 99,7% de la poblaci\u00f3n.<\/p>\n\n\n\n<p>Por desgracia, Afganist\u00e1n ha tenido una tumultuosa historia de conflictos. En la historia reciente, el mejor ejemplo es el ascenso de los talibanes y su toma del poder en 2021. Con la toma del poder lleg\u00f3 un r\u00e9gimen nacionalista y teocr\u00e1tico, dif\u00edcil para quienes no lo aceptaron y para las mujeres en particular. A d\u00eda de hoy, este r\u00e9gimen no es reconocido por la comunidad internacional.<\/p>\n\n\n\n<p>Las tensiones en Afganist\u00e1n han hecho que muchos afganos huyan de su pa\u00eds para buscar refugio en otros lugares. Uno de esos lugares son los Pa\u00edses Bajos y nuestra ciudad de Rotterdam en particular. Muchas de estas personas se encuentran, tr\u00e1gicamente, separadas de su patria debido al auge del brutal fundamentalismo religioso de los talibanes.<\/p>\n\n\n\n<div class=\"wp-block-group has-palette-color-7-background-color has-background is-layout-constrained wp-container-core-group-is-layout-95339512 wp-block-group-is-layout-constrained\" style=\"padding-top:24px;padding-right:24px;padding-bottom:24px;padding-left:24px\">\n<h4 class=\"wp-block-heading\">Puntos de oraci\u00f3n<\/h4>\n\n\n\n<ul class=\"wp-block-list\">\n<li>Para los afganos que luchan contra el trauma causado por el fundamentalismo religioso en su pa\u00eds<\/li>\n\n\n\n<li>Por buenas oportunidades de empleo, que el trabajo de los afganos sea satisfactorio y gratificante<\/li>\n\n\n\n<li>Contra la ansiedad y los problemas de salud mental debidos a la situaci\u00f3n en su pa\u00eds<\/li>\n\n\n\n<li>Por sanar este fundamentalismo con el amor y el Camino de Jes\u00fas<\/li>\n\n\n\n<li>Para que m\u00e1s trabajadores lleven el Evangelio a los afganos en Rotterdam<\/li>\n\n\n\n<li>Por la confianza y la aceptaci\u00f3n entre holandeses y afganos<\/li>\n<\/ul>\n<\/div>\n\n\n\n<div style=\"height:100px\" aria-hidden=\"true\" class=\"wp-block-spacer\"><\/div>\n\n\n\n<p><\/p>\n\n\n\n<p><\/p>\n\n\n\n<p><\/p>\n\n\n\n<p><\/p>","protected":false},"excerpt":{"rendered":"<p>Conozca a sus vecinos Conoce a tus vecinos afganos: procedencia, cultura, religi\u00f3n y mucho m\u00e1s.<\/p>","protected":false},"author":1,"featured_media":519,"parent":120,"menu_order":0,"comment_status":"closed","ping_status":"closed","template":"","meta":{"_surecart_dashboard_logo_width":"180px","_surecart_dashboard_show_logo":true,"_surecart_dashboard_navigation_orders":true,"_surecart_dashboard_navigation_invoices":true,"_surecart_dashboard_navigation_subscriptions":true,"_surecart_dashboard_navigation_downloads":true,"_surecart_dashboard_navigation_billing":true,"_surecart_dashboard_navigation_account":true,"footnotes":""},"class_list":["post-518","page","type-page","status-publish","has-post-thumbnail","hentry"],"blocksy_meta":[],"_links":{"self":[{"href":"https:\/\/biddenvoordeburen.nl\/es\/wp-json\/wp\/v2\/pages\/518","targetHints":{"allow":["GET"]}}],"collection":[{"href":"https:\/\/biddenvoordeburen.nl\/es\/wp-json\/wp\/v2\/pages"}],"about":[{"href":"https:\/\/biddenvoordeburen.nl\/es\/wp-json\/wp\/v2\/types\/page"}],"author":[{"embeddable":true,"href":"https:\/\/biddenvoordeburen.nl\/es\/wp-json\/wp\/v2\/users\/1"}],"replies":[{"embeddable":true,"href":"https:\/\/biddenvoordeburen.nl\/es\/wp-json\/wp\/v2\/comments?post=518"}],"version-history":[{"count":4,"href":"https:\/\/biddenvoordeburen.nl\/es\/wp-json\/wp\/v2\/pages\/518\/revisions"}],"predecessor-version":[{"id":938,"href":"https:\/\/biddenvoordeburen.nl\/es\/wp-json\/wp\/v2\/pages\/518\/revisions\/938"}],"up":[{"embeddable":true,"href":"https:\/\/biddenvoordeburen.nl\/es\/wp-json\/wp\/v2\/pages\/120"}],"wp:featuredmedia":[{"embeddable":true,"href":"https:\/\/biddenvoordeburen.nl\/es\/wp-json\/wp\/v2\/media\/519"}],"wp:attachment":[{"href":"https:\/\/biddenvoordeburen.nl\/es\/wp-json\/wp\/v2\/media?parent=518"}],"curies":[{"name":"wp","href":"https:\/\/api.w.org\/{rel}","templated":true}]}}