{"id":523,"date":"2024-09-10T09:39:36","date_gmt":"2024-09-10T09:39:36","guid":{"rendered":"https:\/\/biddenvoordeburen.nl\/?page_id=523"},"modified":"2025-06-21T12:42:52","modified_gmt":"2025-06-21T12:42:52","slug":"pakistaanse-buren","status":"publish","type":"page","link":"https:\/\/biddenvoordeburen.nl\/es\/onze-buren\/pakistaanse-buren\/","title":{"rendered":"Vecinos paquistan\u00edes"},"content":{"rendered":"<h3 class=\"wp-block-heading\">Sobre los pakistan\u00edes<\/h3>\n\n\n\n<p>En 1947, el mundo cambi\u00f3.<\/p>\n\n\n\n<p>La Segunda Guerra Mundial acababa de terminar y con ella el fin de muchos imperios coloniales europeos. Entre ellos estaba el famoso Imperio Brit\u00e1nico, cuyas p\u00e9rdidas financieras durante la guerra se tradujeron en la independencia de muchas de sus colonias. Por muy alentador que esto fuera, el camino a seguir para algunos no fue nada f\u00e1cil. La Rep\u00fablica Isl\u00e1mica de Pakist\u00e1n es un ejemplo de ello.<\/p>\n\n\n\n<p>Originalmente parte de los muchos reinos del subcontinente indio, los brit\u00e1nicos dividieron Pakist\u00e1n de la actual India en agosto de 1947. Esto se debi\u00f3 a la gran poblaci\u00f3n musulmana de lo que hoy es Pakist\u00e1n en comparaci\u00f3n con la gran poblaci\u00f3n hind\u00fa de la India.<\/p>\n\n\n\n<p>Debido a esta divisi\u00f3n, el Islam est\u00e1 profundamente entrelazado con los cimientos y la estructura de Pakist\u00e1n. La mejor prueba de ello es el elevado porcentaje de 96,5% de la poblaci\u00f3n que se identifica como musulmana.<\/p>\n\n\n\n<p>Tambi\u00e9n dio lugar a un conflicto entre Pakist\u00e1n e India, que contin\u00faa hoy en d\u00eda.<\/p>\n\n\n\n<p>Con el paso de los a\u00f1os, cada vez m\u00e1s pakistan\u00edes llaman a los Pa\u00edses Bajos (y a Rotterdam en particular) su hogar. Siguen siendo uno de los grupos de inmigrantes de m\u00e1s r\u00e1pido crecimiento en el pa\u00eds y siguen teniendo una fuerte presencia en nuestra ciudad.<\/p>\n\n\n\n<p>Y a pesar del inquebrantable trasfondo isl\u00e1mico de su pa\u00eds, el cristianismo persiste en peque\u00f1as comunidades pakistan\u00edes, \u00a1incluso aqu\u00ed, en Rotterdam! En agosto de 2008, 300 cristianos paquistan\u00edes se reunieron en Rotterdam para animarse mutuamente, predicar el Evangelio y llamar m\u00e1s la atenci\u00f3n sobre la presencia del cristianismo entre los paquistan\u00edes.<\/p>\n\n\n\n<p>\"Pakist\u00e1n\" significa \"Tierra de los espiritualmente puros y bellos\". Recemos para que la Iglesia pakistan\u00ed (tanto en su pa\u00eds como en el extranjero) recuerde a quienes la rodean que esa pureza no procede de la obra de manos humanas, sino de la gracia de Cristo, siempre y en todo lugar disponible.<\/p>\n\n\n\n<div class=\"wp-block-group has-palette-color-7-background-color has-background is-layout-constrained wp-container-core-group-is-layout-95339512 wp-block-group-is-layout-constrained\" style=\"padding-top:24px;padding-right:24px;padding-bottom:24px;padding-left:24px\">\n<h4 class=\"wp-block-heading\">Puntos de oraci\u00f3n<\/h4>\n\n\n\n<ul class=\"wp-block-list\">\n<li>Ayuda para superar la barrera ling\u00fc\u00edstica que dificulta la integraci\u00f3n de los pakistan\u00edes<\/li>\n\n\n\n<li>Buenas oportunidades laborales y vitales<\/li>\n\n\n\n<li>Contra todas las formas de discriminaci\u00f3n racial que sufren habitualmente los paquistan\u00edes<\/li>\n\n\n\n<li>Que los pakistan\u00edes cristianos de nuestra ciudad sigan siendo firmes testigos de sus conciudadanos pakistan\u00edes<\/li>\n\n\n\n<li>Para trabajadores entre pakistan\u00edes que quieran llevarles el Evangelio<\/li>\n\n\n\n<li>Que el trabajo entre pakistan\u00edes en Rotterdam tome forma y d\u00e9 frutos<\/li>\n<\/ul>\n<\/div>\n\n\n\n<div style=\"height:100px\" aria-hidden=\"true\" class=\"wp-block-spacer\"><\/div>","protected":false},"excerpt":{"rendered":"<p>Conozca a sus vecinos Conozca a sus vecinos pakistan\u00edes: origen, cultura, religi\u00f3n y mucho m\u00e1s.<\/p>","protected":false},"author":1,"featured_media":524,"parent":120,"menu_order":0,"comment_status":"closed","ping_status":"closed","template":"","meta":{"_surecart_dashboard_logo_width":"180px","_surecart_dashboard_show_logo":true,"_surecart_dashboard_navigation_orders":true,"_surecart_dashboard_navigation_invoices":true,"_surecart_dashboard_navigation_subscriptions":true,"_surecart_dashboard_navigation_downloads":true,"_surecart_dashboard_navigation_billing":true,"_surecart_dashboard_navigation_account":true,"footnotes":""},"class_list":["post-523","page","type-page","status-publish","has-post-thumbnail","hentry"],"blocksy_meta":[],"_links":{"self":[{"href":"https:\/\/biddenvoordeburen.nl\/es\/wp-json\/wp\/v2\/pages\/523","targetHints":{"allow":["GET"]}}],"collection":[{"href":"https:\/\/biddenvoordeburen.nl\/es\/wp-json\/wp\/v2\/pages"}],"about":[{"href":"https:\/\/biddenvoordeburen.nl\/es\/wp-json\/wp\/v2\/types\/page"}],"author":[{"embeddable":true,"href":"https:\/\/biddenvoordeburen.nl\/es\/wp-json\/wp\/v2\/users\/1"}],"replies":[{"embeddable":true,"href":"https:\/\/biddenvoordeburen.nl\/es\/wp-json\/wp\/v2\/comments?post=523"}],"version-history":[{"count":3,"href":"https:\/\/biddenvoordeburen.nl\/es\/wp-json\/wp\/v2\/pages\/523\/revisions"}],"predecessor-version":[{"id":942,"href":"https:\/\/biddenvoordeburen.nl\/es\/wp-json\/wp\/v2\/pages\/523\/revisions\/942"}],"up":[{"embeddable":true,"href":"https:\/\/biddenvoordeburen.nl\/es\/wp-json\/wp\/v2\/pages\/120"}],"wp:featuredmedia":[{"embeddable":true,"href":"https:\/\/biddenvoordeburen.nl\/es\/wp-json\/wp\/v2\/media\/524"}],"wp:attachment":[{"href":"https:\/\/biddenvoordeburen.nl\/es\/wp-json\/wp\/v2\/media?parent=523"}],"curies":[{"name":"wp","href":"https:\/\/api.w.org\/{rel}","templated":true}]}}