{"id":527,"date":"2024-09-10T09:45:56","date_gmt":"2024-09-10T09:45:56","guid":{"rendered":"https:\/\/biddenvoordeburen.nl\/?page_id=527"},"modified":"2025-06-21T12:43:14","modified_gmt":"2025-06-21T12:43:14","slug":"somalische-buren","status":"publish","type":"page","link":"https:\/\/biddenvoordeburen.nl\/es\/onze-buren\/somalische-buren\/","title":{"rendered":"Vecinos somal\u00edes"},"content":{"rendered":"<h3 class=\"wp-block-heading\">Sobre los somal\u00edes<\/h3>\n\n\n\n<p>En torno al cuerno de \u00c1frica se extiende el pa\u00eds de Somalia, una naci\u00f3n con un pasado turbulento y, por desgracia, un presente problem\u00e1tico.<br>Los somal\u00edes existen desde hace siglos y el Islam les fue introducido por los \u00e1rabes en el siglo VII. Desde entonces, el Islam se ha convertido en la religi\u00f3n m\u00e1s dominante del pa\u00eds: el 99,9% de los somal\u00edes se identifican como musulmanes.<\/p>\n\n\n\n<p>En el siglo XIX, los somal\u00edes, como muchos otros pueblos africanos, quedaron bajo control colonial europeo. Los brit\u00e1nicos se quedaron con el norte y los italianos con el sur, y as\u00ed permanecieron hasta 1960.<\/p>\n\n\n\n<p>La fusi\u00f3n de estas dos antiguas colonias en Somalia trajo consigo una serie de retos \u00fanicos. Uno de los m\u00e1s importantes fueron las m\u00faltiples divisiones entre clanes que dieron lugar a varias luchas gubernamentales que, combinadas con operaciones militares fallidas durante la Guerra Fr\u00eda, contribuyeron a aumentar la inestabilidad dentro del Estado.<\/p>\n\n\n\n<p>Por desgracia, los efectos de esta situaci\u00f3n a\u00fan son visibles hoy en d\u00eda, ya que Somalia es un pa\u00eds empobrecido con pocas oportunidades educativas y profesionales. Si combinamos esto con una poblaci\u00f3n en r\u00e1pido crecimiento, tenemos un grupo cada vez m\u00e1s numeroso de personas que heredan un pa\u00eds que tiene poco que ofrecerles.<\/p>\n\n\n\n<p>Por esta raz\u00f3n, es f\u00e1cil comprender por qu\u00e9 Somalia es la cuarta fuente de refugiados del mundo. Muchos de estos refugiados llegan a los Pa\u00edses Bajos, donde se han convertido en la segunda comunidad africana m\u00e1s numerosa y de m\u00e1s r\u00e1pido crecimiento del pa\u00eds.<\/p>\n\n\n\n<p>Las cicatrices que atraviesan a los somal\u00edes de generaci\u00f3n en generaci\u00f3n son profundas. Y como todas las cicatrices profundas, la \u00fanica respuesta verdadera a ellas es el Camino a la Vida presentado por Cristo mismo. Muchos de estos hombres y mujeres viven junto a nosotros en Rotterdam, as\u00ed que, en el amor de Cristo, tendamos esa mano misericordiosa a estas personas con las que tenemos la bendici\u00f3n de convivir.<\/p>\n\n\n\n<div class=\"wp-block-group has-palette-color-7-background-color has-background is-layout-constrained wp-container-core-group-is-layout-95339512 wp-block-group-is-layout-constrained\" style=\"padding-top:24px;padding-right:24px;padding-bottom:24px;padding-left:24px\">\n<h4 class=\"wp-block-heading\">Puntos de oraci\u00f3n<\/h4>\n\n\n\n<ul class=\"wp-block-list\">\n<li>Curaci\u00f3n de las heridas que los somal\u00edes llevaron a Rotterdam<\/li>\n\n\n\n<li>Para los j\u00f3venes somal\u00edes que luchan por encontrar su camino<\/li>\n\n\n\n<li>Que vean a Dios en su curaci\u00f3n<\/li>\n\n\n\n<li>Que los cristianos somal\u00edes de Rotterdam compartan su fe con la gente de su entorno<\/li>\n\n\n\n<li>Para las divisiones o conflictos en las familias somal\u00edes derivados de las conversiones al cristianismo.<\/li>\n\n\n\n<li>Por los que trabajan entre somal\u00edes en nuestra ciudad, para que reciban aliento y bendici\u00f3n en lo que hacen<\/li>\n<\/ul>\n<\/div>\n\n\n\n<div style=\"height:100px\" aria-hidden=\"true\" class=\"wp-block-spacer\"><\/div>","protected":false},"excerpt":{"rendered":"<p>Conozca a sus vecinos Inf\u00f3rmate sobre tus vecinos somal\u00edes: origen, cultura, religi\u00f3n y mucho m\u00e1s.<\/p>","protected":false},"author":1,"featured_media":528,"parent":120,"menu_order":0,"comment_status":"closed","ping_status":"closed","template":"","meta":{"_surecart_dashboard_logo_width":"180px","_surecart_dashboard_show_logo":true,"_surecart_dashboard_navigation_orders":true,"_surecart_dashboard_navigation_invoices":true,"_surecart_dashboard_navigation_subscriptions":true,"_surecart_dashboard_navigation_downloads":true,"_surecart_dashboard_navigation_billing":true,"_surecart_dashboard_navigation_account":true,"footnotes":""},"class_list":["post-527","page","type-page","status-publish","has-post-thumbnail","hentry"],"blocksy_meta":[],"_links":{"self":[{"href":"https:\/\/biddenvoordeburen.nl\/es\/wp-json\/wp\/v2\/pages\/527","targetHints":{"allow":["GET"]}}],"collection":[{"href":"https:\/\/biddenvoordeburen.nl\/es\/wp-json\/wp\/v2\/pages"}],"about":[{"href":"https:\/\/biddenvoordeburen.nl\/es\/wp-json\/wp\/v2\/types\/page"}],"author":[{"embeddable":true,"href":"https:\/\/biddenvoordeburen.nl\/es\/wp-json\/wp\/v2\/users\/1"}],"replies":[{"embeddable":true,"href":"https:\/\/biddenvoordeburen.nl\/es\/wp-json\/wp\/v2\/comments?post=527"}],"version-history":[{"count":3,"href":"https:\/\/biddenvoordeburen.nl\/es\/wp-json\/wp\/v2\/pages\/527\/revisions"}],"predecessor-version":[{"id":943,"href":"https:\/\/biddenvoordeburen.nl\/es\/wp-json\/wp\/v2\/pages\/527\/revisions\/943"}],"up":[{"embeddable":true,"href":"https:\/\/biddenvoordeburen.nl\/es\/wp-json\/wp\/v2\/pages\/120"}],"wp:featuredmedia":[{"embeddable":true,"href":"https:\/\/biddenvoordeburen.nl\/es\/wp-json\/wp\/v2\/media\/528"}],"wp:attachment":[{"href":"https:\/\/biddenvoordeburen.nl\/es\/wp-json\/wp\/v2\/media?parent=527"}],"curies":[{"name":"wp","href":"https:\/\/api.w.org\/{rel}","templated":true}]}}