{"id":580,"date":"2025-02-14T10:12:08","date_gmt":"2025-02-14T10:12:08","guid":{"rendered":"https:\/\/biddenvoordeburen.nl\/?page_id=580"},"modified":"2025-04-15T11:57:26","modified_gmt":"2025-04-15T11:57:26","slug":"privacybeleid","status":"publish","type":"page","link":"https:\/\/biddenvoordeburen.nl\/es\/privacybeleid\/","title":{"rendered":"Pol\u00edtica de privacidad"},"content":{"rendered":"<p><strong>Rezar por los vecinos<\/strong> es responsable del tratamiento de los datos personales reflejados en esta declaraci\u00f3n de privacidad.<\/p>\n\n\n\n<h3 class=\"wp-block-heading\">Datos de contacto:<\/h3>\n\n\n\n<p><a href=\"https:\/\/biddenvoordeburen.nl\/es\/\" data-type=\"page\" data-id=\"24\">www.biddenvoordeburen.nl<\/a><br>Rezar por los vecinos<br>El equipo de Praying for Neighbours es el punto de contacto para cuestiones relacionadas con los datos sobre privacidad. P\u00f3ngase en contacto con \u00e9l en&nbsp;<a href=\"mailto:info@biddenvoordeburen.nl\">info@biddenvoordeburen.nl<\/a>. <\/p>\n\n\n\n<h3 class=\"wp-block-heading\">\u00bfQu\u00e9 datos procesa Praying for Neighbours?<\/h3>\n\n\n\n<p>Praying for Neighbours trata sus datos personales porque usted utiliza nuestros servicios y\/o porque usted mismo nos los facilita. A continuaci\u00f3n encontrar\u00e1 un resumen de los datos personales que procesamos:<\/p>\n\n\n\n<ul class=\"wp-block-list\">\n<li>Nombre y apellidos<\/li>\n\n\n\n<li>Direcci\u00f3n<\/li>\n\n\n\n<li>N\u00famero de tel\u00e9fono<\/li>\n\n\n\n<li>Direcci\u00f3n de correo electr\u00f3nico<\/li>\n\n\n\n<li>Otros datos personales que usted facilite activamente, por ejemplo, al crear un perfil en este sitio web, en la correspondencia y por tel\u00e9fono.<\/li>\n\n\n\n<li>Datos sobre sus actividades en nuestro sitio web<\/li>\n<\/ul>\n\n\n\n<p>Nuestro sitio web no pretende recoger datos de visitantes menores de 16 a\u00f1os. A menos que cuenten con el consentimiento de sus padres o tutores. Sin embargo, no podemos verificar si un visitante es mayor de 16 a\u00f1os. Por ello, aconsejamos a los padres que se impliquen en las actividades en l\u00ednea de sus hijos para evitar la recogida de datos de menores sin el consentimiento paterno. Si est\u00e1 convencido de que hemos recopilado datos personales de un menor sin dicho consentimiento, p\u00f3ngase en contacto con nosotros en <a href=\"mailto:info@biddenvoordeburen.nl\">info@biddenvoordeburen.nl<\/a>eliminaremos esta informaci\u00f3n.<\/p>\n\n\n\n<h4 class=\"wp-block-heading\">\u00bfPor qu\u00e9 y c\u00f3mo recogemos sus datos?<\/h4>\n\n\n\n<p>Praying for Neighbours procesa sus datos personales para los siguientes fines:<\/p>\n\n\n\n<ul class=\"wp-block-list\">\n<li>Gesti\u00f3n de su pago<\/li>\n\n\n\n<li>Env\u00edo de nuestro bolet\u00edn y\/o folleto publicitario<\/li>\n\n\n\n<li>Llamarle o enviarle un correo electr\u00f3nico si es necesario para llevar a cabo nuestros servicios<\/li>\n\n\n\n<li>Informarle de cambios en nuestros servicios y productos<\/li>\n\n\n\n<li>Para suministrarle bienes y servicios<\/li>\n\n\n\n<li>Praying for Neighbours analiza su comportamiento en el sitio web con el fin de mejorarlo y adaptar la oferta de productos y servicios a sus preferencias.<\/li>\n\n\n\n<li>Praying for Neighbours tambi\u00e9n procesa datos personales si estamos legalmente obligados a hacerlo, como los datos que necesitamos para nuestra declaraci\u00f3n de la renta.<\/li>\n<\/ul>\n\n\n\n<h4 class=\"wp-block-heading\">\u00bfCu\u00e1nto tiempo conservamos sus datos?<\/h4>\n\n\n\n<p>Praying for Neighbours no conservar\u00e1 sus datos personales durante m\u00e1s tiempo del estrictamente necesario para cumplir los fines para los que se recogieron.<\/p>\n\n\n\n<h3 class=\"wp-block-heading\">Compartir datos personales con terceros<\/h3>\n\n\n\n<p>Praying for Neighbours no vende sus datos a terceros y s\u00f3lo los facilitar\u00e1 si es necesario para el cumplimiento de nuestro acuerdo con usted o para cumplir una obligaci\u00f3n legal. Con las empresas que procesan sus datos en nuestro nombre, celebramos un acuerdo de procesamiento para garantizar el mismo nivel de seguridad y confidencialidad de sus datos. Praying for Neighbours sigue siendo responsable de este tratamiento.<\/p>\n\n\n\n<p><strong>Cookies, o t\u00e9cnicas similares, que utilizamos<br><\/strong>Praying for Neighbours utiliza \u00fanicamente cookies t\u00e9cnicas y funcionales. Y cookies anal\u00edticas que no invaden su privacidad. Una cookie es un peque\u00f1o archivo de texto que se almacena en su ordenador, tableta o smartphone la primera vez que visita este sitio web. Las cookies que utilizamos son necesarias para el funcionamiento t\u00e9cnico del sitio web y su facilidad de uso. Garantizan que el sitio web funcione correctamente y, por ejemplo, recuerdan sus preferencias. Tambi\u00e9n nos permiten optimizar nuestro sitio web. Puede desactivar las cookies configurando su navegador de Internet para que deje de almacenarlas. Tambi\u00e9n puede eliminar cualquier informaci\u00f3n almacenada previamente a trav\u00e9s de la configuraci\u00f3n de su navegador.<\/p>\n\n\n\n<p><strong>Ver, modificar o eliminar datos<br><\/strong>Tiene derecho a consultar, rectificar o suprimir sus datos personales. Puede hacerlo usted mismo a trav\u00e9s de los ajustes personales de su cuenta. Tambi\u00e9n tiene derecho a retirar su posible consentimiento al tratamiento de datos u oponerse al tratamiento de sus datos personales por parte de nuestra empresa, y tiene derecho a la portabilidad de los datos. Esto significa que puede solicitarnos que le enviemos los datos personales que tenemos sobre usted en un archivo inform\u00e1tico a usted o a otra organizaci\u00f3n que usted designe.<\/p>\n\n\n\n<p>Si desea ejercer su derecho de oposici\u00f3n y\/o su derecho a la portabilidad de los datos o tiene cualquier otra pregunta\/comentario sobre el tratamiento de datos, env\u00ede una solicitud detallada a <a href=\"mailto:info@biddenvoordeburen.nl\">info@biddenvoordeburen.nl<\/a>. <\/p>\n\n\n\n<p>Para asegurarnos de que la solicitud de inspecci\u00f3n ha sido presentada por usted, le rogamos que env\u00ede junto con la solicitud una copia de su documento de identidad. En esta copia, tache la foto de su pasaporte, la MRZ (zona legible por m\u00e1quina, la franja de n\u00fameros situada en la parte inferior del pasaporte), el n\u00famero de pasaporte y el N\u00famero de Atenci\u00f3n al Ciudadano (BSN). Esto es para proteger su privacidad. Praying for Neighbours responder\u00e1 a su solicitud lo antes posible, pero en cualquier caso en un plazo de cuatro semanas.<\/p>\n\n\n\n<p>Praying for Neighbours tambi\u00e9n desea informarle de que tiene la oportunidad de presentar una reclamaci\u00f3n ante el regulador nacional, la Autoridad de Datos Personales. Puede hacerlo a trav\u00e9s del siguiente enlace:&nbsp;<a href=\"https:\/\/autoriteitpersoonsgegevens.nl\/nl\/contact-met-de-autoriteit-persoonsgegevens\/tip-ons\" target=\"_blank\" rel=\"noreferrer noopener\">https:\/\/autoriteitpersoonsgegevens.nl\/nl\/contact-met-de-autoriteit-persoonsgegevens\/tip-ons<\/a>.<\/p>\n\n\n\n<h3 class=\"wp-block-heading\">C\u00f3mo protegemos los datos personales<\/h3>\n\n\n\n<p>Praying for Neighbours se toma muy en serio la protecci\u00f3n de sus datos y de su intimidad y adopta las medidas oportunas para evitar el uso indebido, la p\u00e9rdida, el acceso no autorizado, la divulgaci\u00f3n no deseada y la modificaci\u00f3n no autorizada. Si tiene la impresi\u00f3n de que sus datos no est\u00e1n debidamente protegidos o hay indicios de uso indebido, p\u00f3ngase en contacto con nosotros en <a href=\"mailto:info@biddenvoordeburen.nl\">info@biddenvoordeburen.nl<\/a>.<\/p>\n\n\n\n<p><\/p>\n\n\n\n<p><\/p>","protected":false},"excerpt":{"rendered":"<p>Bidden voor de Buren is verantwoordelijk voor de verwerking van persoonsgegevens zoals weergegeven in deze privacyverklaring. Contactgegevens: www.biddenvoordeburen.nlBidden voor de BurenHet team van Bidden voor de Buren is het aanspreekpunt voor vragen rondom privacygegevens. Neem contact met hem op via&nbsp;info@biddenvoordeburen.nl. Welke gegevens verwerkt Bidden voor de Buren? Bidden voor de Buren verwerkt uw persoonsgegevens doordat [&hellip;]<\/p>\n","protected":false},"author":1,"featured_media":130,"parent":0,"menu_order":0,"comment_status":"closed","ping_status":"closed","template":"","meta":{"_surecart_dashboard_logo_width":"180px","_surecart_dashboard_show_logo":true,"_surecart_dashboard_navigation_orders":true,"_surecart_dashboard_navigation_invoices":true,"_surecart_dashboard_navigation_subscriptions":true,"_surecart_dashboard_navigation_downloads":true,"_surecart_dashboard_navigation_billing":true,"_surecart_dashboard_navigation_account":true,"footnotes":""},"class_list":["post-580","page","type-page","status-publish","has-post-thumbnail","hentry"],"blocksy_meta":[],"_links":{"self":[{"href":"https:\/\/biddenvoordeburen.nl\/es\/wp-json\/wp\/v2\/pages\/580","targetHints":{"allow":["GET"]}}],"collection":[{"href":"https:\/\/biddenvoordeburen.nl\/es\/wp-json\/wp\/v2\/pages"}],"about":[{"href":"https:\/\/biddenvoordeburen.nl\/es\/wp-json\/wp\/v2\/types\/page"}],"author":[{"embeddable":true,"href":"https:\/\/biddenvoordeburen.nl\/es\/wp-json\/wp\/v2\/users\/1"}],"replies":[{"embeddable":true,"href":"https:\/\/biddenvoordeburen.nl\/es\/wp-json\/wp\/v2\/comments?post=580"}],"version-history":[{"count":2,"href":"https:\/\/biddenvoordeburen.nl\/es\/wp-json\/wp\/v2\/pages\/580\/revisions"}],"predecessor-version":[{"id":584,"href":"https:\/\/biddenvoordeburen.nl\/es\/wp-json\/wp\/v2\/pages\/580\/revisions\/584"}],"wp:featuredmedia":[{"embeddable":true,"href":"https:\/\/biddenvoordeburen.nl\/es\/wp-json\/wp\/v2\/media\/130"}],"wp:attachment":[{"href":"https:\/\/biddenvoordeburen.nl\/es\/wp-json\/wp\/v2\/media?parent=580"}],"curies":[{"name":"wp","href":"https:\/\/api.w.org\/{rel}","templated":true}]}}