{"id":808,"date":"2025-05-28T16:12:59","date_gmt":"2025-05-28T16:12:59","guid":{"rendered":"https:\/\/biddenvoordeburen.nl\/?page_id=808"},"modified":"2025-09-04T18:56:45","modified_gmt":"2025-09-04T18:56:45","slug":"manieren-van-meedoen","status":"publish","type":"page","link":"https:\/\/biddenvoordeburen.nl\/es\/manieren-van-meedoen\/","title":{"rendered":"Formas de participar"},"content":{"rendered":"<p><em>Hay diferentes maneras en las que usted, como iglesia, puede participar en la Oraci\u00f3n por el Pr\u00f3jimo. Cada iglesia puede elegir la que mejor se adapte a su propio contexto.<\/em><\/p>\n\n\n\n<h4 class=\"wp-block-heading\">1. Informar y distribuir<\/h4>\n\n\n\n<p>La forma m\u00e1s sencilla de participar es llamar la atenci\u00f3n sobre la semana de oraci\u00f3n en la congregaci\u00f3n durante el servicio del domingo por la ma\u00f1ana y repartir libros de oraciones a la salida de la iglesia.&nbsp;<\/p>\n\n\n\n<p>Otras opciones son anunciar la semana de oraci\u00f3n durante los anuncios (preferiblemente con bastante antelaci\u00f3n), a trav\u00e9s del bolet\u00edn de noticias, el bolet\u00edn de la iglesia o la aplicaci\u00f3n de la iglesia.<\/p>\n\n\n\n<p>Tambi\u00e9n hay un <a href=\"https:\/\/youtu.be\/hDVGMl_6zVk\" target=\"_blank\" rel=\"noopener\"><strong>v\u00eddeo promocional<\/strong><\/a> disponibles que pueden mostrarse durante el servicio.<\/p>\n\n\n\n<h4 class=\"wp-block-heading\">2. Organizaci\u00f3n de reuniones de oraci\u00f3n<\/h4>\n\n\n\n<p>El compromiso en la semana de oraci\u00f3n puede profundizarse organizando una reuni\u00f3n de oraci\u00f3n como congregaci\u00f3n. Puede tener lugar f\u00edsicamente o en l\u00ednea. Durante esta reuni\u00f3n, por ejemplo, se puede rezar juntos una de las oraciones del folleto de oraci\u00f3n. V\u00e9ase tambi\u00e9n el recurso Rezar juntos.<\/p>\n\n\n\n<p><\/p>\n\n\n\n<h4 class=\"wp-block-heading\">3. Servicio dominical en torno al tema<\/h4>\n\n\n\n<p>El domingo en que comienza la semana de oraci\u00f3n puede dedicarse a la oraci\u00f3n y al compromiso con el pr\u00f3jimo. Considere un serm\u00f3n sobre este tema y\/o un momento de oraci\u00f3n durante el servicio, por ejemplo rezando por los vecinos en peque\u00f1os grupos o en plenario. V\u00e9ase tambi\u00e9n el recurso <a href=\"https:\/\/biddenvoordeburen.nl\/es\/preeksuggestie\/\" data-type=\"page\" data-id=\"501\">Esquema del serm\u00f3n<\/a>.<\/p>\n\n\n\n<p><\/p>\n\n\n\n<h4 class=\"wp-block-heading\">4. Organizaci\u00f3n del D\u00eda del Vecino<\/h4>\n\n\n\n<p>Como iglesia, puedes optar por organizar tu propio d\u00eda del barrio en el edificio de la iglesia y sus alrededores. Asimismo, los miembros de la iglesia que vivan cerca pueden organizar conjuntamente algo en su propio barrio.<\/p>\n\n\n\n<p><\/p>\n\n\n\n<h4 class=\"wp-block-heading\">5. Clausura y testimonios<\/h4>\n\n\n\n<p>El domingo siguiente a la semana de oraci\u00f3n puede aprovecharse para echar la vista atr\u00e1s. Los miembros de la iglesia pueden compartir experiencias o testimonios sobre lo vivido durante la semana. Tambi\u00e9n dentro de los c\u00edrculos pueden debatir c\u00f3mo quieren seguir implic\u00e1ndose en la oraci\u00f3n con sus vecinos.<\/p>\n\n\n\n<p><\/p>\n\n\n\n<h4 class=\"wp-block-heading\">6. Conexi\u00f3n con el tema o visi\u00f3n anual<\/h4>\n\n\n\n<p>Rezar por el pr\u00f3jimo tambi\u00e9n puede vincularse a un tema anual existente o a la misi\u00f3n y visi\u00f3n de la congregaci\u00f3n. Por ejemplo: \"Creemos que es importante implicarnos en nuestra ciudad y en nuestro barrio a trav\u00e9s de la oraci\u00f3n. La participaci\u00f3n en la Oraci\u00f3n por el Pr\u00f3jimo es una de las formas que tenemos de hacerlo\".<\/p>\n\n\n\n<p><\/p>\n\n\n\n<h4 class=\"wp-block-heading\">7. Semana de oraci\u00f3n a finales de a\u00f1o<\/h4>\n\n\n\n<p>Como iglesia, puede que la semana de oraci\u00f3n a finales de septiembre (despu\u00e9s del D\u00eda Nacional del Vecino) no encaje bien en su calendario. Por supuesto, siempre es posible situar la semana m\u00e1s adelante en el a\u00f1o.<\/p>\n\n\n\n<div style=\"height:100px\" aria-hidden=\"true\" class=\"wp-block-spacer\"><\/div>\n\n\n\n<p><a id=\"_msocom_1\"><\/a><\/p>","protected":false},"excerpt":{"rendered":"<p>Hay diferentes maneras en las que usted, como iglesia, puede participar en la Oraci\u00f3n por el Pr\u00f3jimo. Cada iglesia puede elegir la que mejor se adapte a su propio contexto.<\/p>","protected":false},"author":1,"featured_media":650,"parent":0,"menu_order":0,"comment_status":"closed","ping_status":"closed","template":"","meta":{"_surecart_dashboard_logo_width":"180px","_surecart_dashboard_show_logo":true,"_surecart_dashboard_navigation_orders":true,"_surecart_dashboard_navigation_invoices":true,"_surecart_dashboard_navigation_subscriptions":true,"_surecart_dashboard_navigation_downloads":true,"_surecart_dashboard_navigation_billing":true,"_surecart_dashboard_navigation_account":true,"footnotes":""},"class_list":["post-808","page","type-page","status-publish","has-post-thumbnail","hentry"],"blocksy_meta":[],"_links":{"self":[{"href":"https:\/\/biddenvoordeburen.nl\/es\/wp-json\/wp\/v2\/pages\/808","targetHints":{"allow":["GET"]}}],"collection":[{"href":"https:\/\/biddenvoordeburen.nl\/es\/wp-json\/wp\/v2\/pages"}],"about":[{"href":"https:\/\/biddenvoordeburen.nl\/es\/wp-json\/wp\/v2\/types\/page"}],"author":[{"embeddable":true,"href":"https:\/\/biddenvoordeburen.nl\/es\/wp-json\/wp\/v2\/users\/1"}],"replies":[{"embeddable":true,"href":"https:\/\/biddenvoordeburen.nl\/es\/wp-json\/wp\/v2\/comments?post=808"}],"version-history":[{"count":3,"href":"https:\/\/biddenvoordeburen.nl\/es\/wp-json\/wp\/v2\/pages\/808\/revisions"}],"predecessor-version":[{"id":1022,"href":"https:\/\/biddenvoordeburen.nl\/es\/wp-json\/wp\/v2\/pages\/808\/revisions\/1022"}],"wp:featuredmedia":[{"embeddable":true,"href":"https:\/\/biddenvoordeburen.nl\/es\/wp-json\/wp\/v2\/media\/650"}],"wp:attachment":[{"href":"https:\/\/biddenvoordeburen.nl\/es\/wp-json\/wp\/v2\/media?parent=808"}],"curies":[{"name":"wp","href":"https:\/\/api.w.org\/{rel}","templated":true}]}}