{"id":977,"date":"2025-06-27T12:14:25","date_gmt":"2025-06-27T12:14:25","guid":{"rendered":"https:\/\/biddenvoordeburen.nl\/?page_id=977"},"modified":"2025-09-04T18:56:09","modified_gmt":"2025-09-04T18:56:09","slug":"tips-lanceren-gebedsweek","status":"publish","type":"page","link":"https:\/\/biddenvoordeburen.nl\/es\/tips-lanceren-gebedsweek\/","title":{"rendered":"Consejos para lanzar la semana de oraci\u00f3n en su iglesia"},"content":{"rendered":"<h4 class=\"wp-block-heading\">1. Comunicar de forma clara e inspiradora<\/h4>\n\n\n\n<p>Env\u00eda un mensaje a <em>por qu\u00e9<\/em> organizas esta semana de oraci\u00f3n. La gente se da cuenta m\u00e1s r\u00e1pido cuando ve el panorama general.<\/p>\n\n\n\n<ul class=\"wp-block-list\">\n<li>Utilice nuestro <strong><a href=\"https:\/\/biddenvoordeburen.nl\/es\/preekschets\/\" data-type=\"page\" data-id=\"501\">esquema del serm\u00f3n<\/a><\/strong> el domingo inicial en el contexto de (el tema de) la semana de oraci\u00f3n o la importancia de la oraci\u00f3n para su entorno.<\/li>\n\n\n\n<li>Participa en la <strong>bolet\u00edn<\/strong> (u otro canal de noticias como churchbook , whatsapp o medios sociales) una invitaci\u00f3n con explicaci\u00f3n, tema, fechas y c\u00f3mo pueden participar los miembros de la iglesia.<\/li>\n\n\n\n<li>Utilice el <strong><a href=\"https:\/\/youtu.be\/hDVGMl_6zVk\" target=\"_blank\" rel=\"noopener\">v\u00eddeo de inspiraci\u00f3n<\/a><\/strong> Animar a los miembros de la congregaci\u00f3n. Posiblemente tambi\u00e9n compartir testimonios de miembros de la congregaci\u00f3n sobre lo que han experimentado al orar por los vecinos\/vecinos.<\/li>\n\n\n\n<li>Utilice el <strong>cartel<\/strong> Hacer visible la semana de oraci\u00f3n.<\/li>\n<\/ul>\n\n\n\n<h4 class=\"wp-block-heading\">2. Hacerlo pr\u00e1ctico<\/h4>\n\n\n\n<ul class=\"wp-block-list\">\n<li>Explicar c\u00f3mo los miembros de la iglesia pueden unirse a la semana de oraci\u00f3n <strong>integrar<\/strong> en su propia vida cotidiana, por ejemplo, utilizando el cuaderno de oraciones despu\u00e9s de la cena en la mesa familiar o en su propio tiempo con Dios.<\/li>\n\n\n\n<li>Enviar un <strong>recordatorio diario<\/strong> Orar a trav\u00e9s de un grupo de WhatsApp con un breve est\u00edmulo inspirador. Tambi\u00e9n puede ser un breve v\u00eddeo o audio, posiblemente preparado por varios miembros de la iglesia.<\/li>\n\n\n\n<li>Tambi\u00e9n se puede compartir la oraci\u00f3n del domingo 21 de septiembre <strong>durante la reuni\u00f3n dominical<\/strong> dirigir a la congregaci\u00f3n en oraci\u00f3n desde el p\u00falpito\/escenario, con espacio para que los miembros de la congregaci\u00f3n tambi\u00e9n hablen en silencio a Dios y le escuchen.<\/li>\n<\/ul>\n\n\n\n<h4 class=\"wp-block-heading\">3. Hacerlo juntos<\/h4>\n\n\n\n<ul class=\"wp-block-list\">\n<li><strong>Rezar juntos<\/strong> \u00a1motiva! Para obtener consejos espec\u00edficos, consulte <strong><a href=\"https:\/\/biddenvoordeburen.nl\/es\/samen-bidden\/\" data-type=\"page\" data-id=\"496\">aqu\u00ed<\/a><\/strong> C\u00f3mo darle forma.<\/li>\n\n\n\n<li>Crear un '<strong>sentido com\u00fan<\/strong>Por ejemplo, haciendo que los miembros de la iglesia coloquen post-its o tarjetas en una pared durante la reuni\u00f3n dominical con los nombres o las calles de los vecinos por los que (quieren) rezar.<\/li>\n\n\n\n<li>Si viven relativamente pocas personas en el barrio donde se re\u00fanen como iglesia, pueden ofrecer a los miembros de la congregaci\u00f3n o a los grupos de las casas un <strong>calle <\/strong>tienen<strong> adoptar<\/strong> Para bendecirlos en oraci\u00f3n durante una semana.<\/li>\n<\/ul>\n\n\n\n<h4 class=\"wp-block-heading\">4. Fomento de la creatividad<\/h4>\n\n\n\n<ul class=\"wp-block-list\">\n<li>Regala a los miembros de la iglesia un \"bendice tu barrio<strong>vela<\/strong> para encenderlas en casa como s\u00edmbolo de oraci\u00f3n por la calle y los vecinos. Tambi\u00e9n puedes proporcionarles 2 velas de t\u00e9 para que las utilicen el martes 23 de septiembre durante el momento de oraci\u00f3n por los vecinos (v\u00e9ase el folleto de oraci\u00f3n).<\/li>\n\n\n\n<li>Permita que los miembros de la comunidad <strong>billete<\/strong> a un vecino escribi\u00e9ndole algo parecido a: \"Esta semana rezo por ti. Si puedo rezar por algo, no dudes en dec\u00edrmelo\".<\/li>\n<\/ul>\n\n\n\n<h4 class=\"wp-block-heading\">5. Implicar a ni\u00f1os y j\u00f3venes en la semana de oraci\u00f3n<\/h4>\n\n\n\n<ul class=\"wp-block-list\">\n<li>Deja que los ni\u00f1os <strong>dibujos<\/strong> para los vecinos o algo m\u00e1s creativo.<\/li>\n\n\n\n<li>Crear un '<strong>reto-oraci\u00f3n<\/strong>' para que recen por sus vecinos, su vecindario y sus amigos. Este reto puede y debe ser diferente de la hoja del cuaderno de oraciones. Sobre todo, aseg\u00farate de que sea breve, concreto, creativo y conectivo.<\/li>\n\n\n\n<li>Organizar una <strong>Noche de oraci\u00f3n y pizza<\/strong> para los j\u00f3venes: combinar una velada de buena comida, diversi\u00f3n y oraci\u00f3n conjunta por sus amigos, el colegio y la calle.<\/li>\n<\/ul>\n\n\n\n<h4 class=\"wp-block-heading\">6. Compartir experiencias<\/h4>\n\n\n\n<ul class=\"wp-block-list\">\n<li>Pida a algunos miembros de la iglesia que hablen en el escenario o a trav\u00e9s de v\u00eddeos <strong>dile a<\/strong> Sobre c\u00f3mo rezan por sus vecinos y su vecindario.  \u00bfQu\u00e9 ha cambiado desde que empezaron a rezar por sus vecinos? \u00bfY qu\u00e9 les ha aportado a ellos mismos? \u00bfDe qu\u00e9 otras formas viven su fe en el barrio? Por ejemplo, ayudando, a trav\u00e9s de un huerto vecinal, de la hospitalidad o de algo completamente distinto.<\/li>\n<\/ul>\n\n\n\n<div style=\"height:100px\" aria-hidden=\"true\" class=\"wp-block-spacer\"><\/div>\n\n\n\n<p><a id=\"_msocom_1\"><\/a><\/p>\n\n\n\n<p><\/p>","protected":false},"excerpt":{"rendered":"<p>He aqu\u00ed seis consejos para poner en marcha la Semana de Oraci\u00f3n Vecinal en su iglesia.<\/p>","protected":false},"author":1,"featured_media":978,"parent":0,"menu_order":0,"comment_status":"closed","ping_status":"closed","template":"","meta":{"_surecart_dashboard_logo_width":"180px","_surecart_dashboard_show_logo":true,"_surecart_dashboard_navigation_orders":true,"_surecart_dashboard_navigation_invoices":true,"_surecart_dashboard_navigation_subscriptions":true,"_surecart_dashboard_navigation_downloads":true,"_surecart_dashboard_navigation_billing":true,"_surecart_dashboard_navigation_account":true,"footnotes":""},"class_list":["post-977","page","type-page","status-publish","has-post-thumbnail","hentry"],"blocksy_meta":[],"_links":{"self":[{"href":"https:\/\/biddenvoordeburen.nl\/es\/wp-json\/wp\/v2\/pages\/977","targetHints":{"allow":["GET"]}}],"collection":[{"href":"https:\/\/biddenvoordeburen.nl\/es\/wp-json\/wp\/v2\/pages"}],"about":[{"href":"https:\/\/biddenvoordeburen.nl\/es\/wp-json\/wp\/v2\/types\/page"}],"author":[{"embeddable":true,"href":"https:\/\/biddenvoordeburen.nl\/es\/wp-json\/wp\/v2\/users\/1"}],"replies":[{"embeddable":true,"href":"https:\/\/biddenvoordeburen.nl\/es\/wp-json\/wp\/v2\/comments?post=977"}],"version-history":[{"count":7,"href":"https:\/\/biddenvoordeburen.nl\/es\/wp-json\/wp\/v2\/pages\/977\/revisions"}],"predecessor-version":[{"id":1021,"href":"https:\/\/biddenvoordeburen.nl\/es\/wp-json\/wp\/v2\/pages\/977\/revisions\/1021"}],"wp:featuredmedia":[{"embeddable":true,"href":"https:\/\/biddenvoordeburen.nl\/es\/wp-json\/wp\/v2\/media\/978"}],"wp:attachment":[{"href":"https:\/\/biddenvoordeburen.nl\/es\/wp-json\/wp\/v2\/media?parent=977"}],"curies":[{"name":"wp","href":"https:\/\/api.w.org\/{rel}","templated":true}]}}